{"id":1317,"date":"2024-02-23T17:01:47","date_gmt":"2024-02-23T20:01:47","guid":{"rendered":"https:\/\/corece.org.br\/site\/?page_id=1317"},"modified":"2024-05-14T16:46:39","modified_gmt":"2024-05-14T19:46:39","slug":"blog","status":"publish","type":"page","link":"https:\/\/corece.org.br\/site\/blog\/","title":{"rendered":"Blog"},"content":{"rendered":"\t\t<div data-elementor-type=\"wp-page\" data-elementor-id=\"1317\" class=\"elementor elementor-1317\" data-elementor-post-type=\"page\">\n\t\t\t\t<div class=\"elementor-element elementor-element-9302b46 e-flex e-con-boxed e-con e-parent\" data-id=\"9302b46\" data-element_type=\"container\" data-settings=\"{&quot;jet_parallax_layout_list&quot;:[]}\">\n\t\t\t\t\t<div class=\"e-con-inner\">\n\t\t\t\t<div class=\"elementor-element elementor-element-9d15270 elementor-widget elementor-widget-text-editor\" data-id=\"9d15270\" data-element_type=\"widget\" data-widget_type=\"text-editor.default\">\n\t\t\t\t<div class=\"elementor-widget-container\">\n\t\t\t<style>\/*! elementor - v3.21.0 - 08-05-2024 *\/\n.elementor-widget-text-editor.elementor-drop-cap-view-stacked .elementor-drop-cap{background-color:#69727d;color:#fff}.elementor-widget-text-editor.elementor-drop-cap-view-framed .elementor-drop-cap{color:#69727d;border:3px solid;background-color:transparent}.elementor-widget-text-editor:not(.elementor-drop-cap-view-default) .elementor-drop-cap{margin-top:8px}.elementor-widget-text-editor:not(.elementor-drop-cap-view-default) .elementor-drop-cap-letter{width:1em;height:1em}.elementor-widget-text-editor .elementor-drop-cap{float:left;text-align:center;line-height:1;font-size:50px}.elementor-widget-text-editor .elementor-drop-cap-letter{display:inline-block}<\/style>\t\t\t\t<nav aria-label=\"breadcrumbs\" class=\"rank-math-breadcrumb\"><p><span class=\"last\">Home<\/span><\/p><\/nav>\t\t\t\t\t\t<\/div>\n\t\t\t\t<\/div>\n\t\t\t\t<div class=\"elementor-element elementor-element-3038dc1 elementor-widget elementor-widget-heading\" data-id=\"3038dc1\" data-element_type=\"widget\" data-widget_type=\"heading.default\">\n\t\t\t\t<div class=\"elementor-widget-container\">\n\t\t\t<style>\/*! elementor - v3.21.0 - 08-05-2024 *\/\n.elementor-heading-title{padding:0;margin:0;line-height:1}.elementor-widget-heading .elementor-heading-title[class*=elementor-size-]>a{color:inherit;font-size:inherit;line-height:inherit}.elementor-widget-heading .elementor-heading-title.elementor-size-small{font-size:15px}.elementor-widget-heading .elementor-heading-title.elementor-size-medium{font-size:19px}.elementor-widget-heading .elementor-heading-title.elementor-size-large{font-size:29px}.elementor-widget-heading .elementor-heading-title.elementor-size-xl{font-size:39px}.elementor-widget-heading .elementor-heading-title.elementor-size-xxl{font-size:59px}<\/style><h2 class=\"elementor-heading-title elementor-size-default\">Blog<\/h2>\t\t<\/div>\n\t\t\t\t<\/div>\n\t\t\t\t<div class=\"elementor-element elementor-element-ed4bef9 elementor-grid-3 elementor-grid-tablet-2 elementor-grid-mobile-1 elementor-posts--thumbnail-top elementor-widget elementor-widget-posts\" data-id=\"ed4bef9\" data-element_type=\"widget\" data-settings=\"{&quot;pagination_type&quot;:&quot;numbers_and_prev_next&quot;,&quot;classic_columns&quot;:&quot;3&quot;,&quot;classic_columns_tablet&quot;:&quot;2&quot;,&quot;classic_columns_mobile&quot;:&quot;1&quot;,&quot;classic_row_gap&quot;:{&quot;unit&quot;:&quot;px&quot;,&quot;size&quot;:35,&quot;sizes&quot;:[]},&quot;classic_row_gap_tablet&quot;:{&quot;unit&quot;:&quot;px&quot;,&quot;size&quot;:&quot;&quot;,&quot;sizes&quot;:[]},&quot;classic_row_gap_mobile&quot;:{&quot;unit&quot;:&quot;px&quot;,&quot;size&quot;:&quot;&quot;,&quot;sizes&quot;:[]}}\" data-widget_type=\"posts.classic\">\n\t\t\t\t<div class=\"elementor-widget-container\">\n\t\t\t<link rel=\"stylesheet\" href=\"https:\/\/corece.org.br\/site\/wp-content\/plugins\/elementor-pro\/assets\/css\/widget-posts.min.css\">\t\t<div class=\"elementor-posts-container elementor-posts elementor-posts--skin-classic elementor-grid\">\n\t\t\t\t<article class=\"elementor-post elementor-grid-item post-35235 post type-post status-publish format-standard has-post-thumbnail hentry category-artigo category-informativo-core-ce category-eventos category-noticias category-ofertas\">\n\t\t\t\t<a class=\"elementor-post__thumbnail__link\" href=\"https:\/\/corece.org.br\/site\/core-ce-celebra-60-anos-reinaugura-sede-e-entrega-premio-mascate-de-ouro\/\" tabindex=\"-1\">\n\t\t\t<div class=\"elementor-post__thumbnail\"><img fetchpriority=\"high\" decoding=\"async\" width=\"300\" height=\"200\" src=\"https:\/\/corece.org.br\/site\/wp-content\/uploads\/2026\/03\/DSC_4544-300x200.jpg\" class=\"attachment-medium size-medium wp-image-35237\" alt=\"\" srcset=\"https:\/\/corece.org.br\/site\/wp-content\/uploads\/2026\/03\/DSC_4544-300x200.jpg 300w, https:\/\/corece.org.br\/site\/wp-content\/uploads\/2026\/03\/DSC_4544-1024x683.jpg 1024w, https:\/\/corece.org.br\/site\/wp-content\/uploads\/2026\/03\/DSC_4544-768x512.jpg 768w, https:\/\/corece.org.br\/site\/wp-content\/uploads\/2026\/03\/DSC_4544-1536x1024.jpg 1536w, https:\/\/corece.org.br\/site\/wp-content\/uploads\/2026\/03\/DSC_4544-2048x1365.jpg 2048w\" sizes=\"(max-width: 300px) 100vw, 300px\" \/><\/div>\n\t\t<\/a>\n\t\t\t\t<div class=\"elementor-post__text\">\n\t\t\t\t<h3 class=\"elementor-post__title\">\n\t\t\t<a href=\"https:\/\/corece.org.br\/site\/core-ce-celebra-60-anos-reinaugura-sede-e-entrega-premio-mascate-de-ouro\/\">\n\t\t\t\tCore-CE celebra 60 anos, reinaugura sede e entrega Pr\u00eamio Mascate de Ouro\t\t\t<\/a>\n\t\t<\/h3>\n\t\t\t\t<div class=\"elementor-post__meta-data\">\n\t\t\t\t\t<span class=\"elementor-post-date\">\n\t\t\tmar\u00e7o 10, 2026\t\t<\/span>\n\t\t\t\t<\/div>\n\t\t\t\t<div class=\"elementor-post__excerpt\">\n\t\t\t<p>O Conselho Regional dos Representantes Comerciais no Estado do Cear\u00e1 (Core-CE) realizou, na \u00faltima sexta-feira, uma solenidade especial em comemora\u00e7\u00e3o aos 60 anos de funda\u00e7\u00e3o da institui\u00e7\u00e3o, marcada pela reinaugura\u00e7\u00e3o da sede do Conselho e pela entrega do Pr\u00eamio Mascate de Ouro a representantes comerciais que contribu\u00edram para o fortalecimento<\/p>\n\t\t<\/div>\n\t\t\t\t\t<div class=\"elementor-post__read-more-wrapper\">\n\t\t\n\t\t<a class=\"elementor-post__read-more\" href=\"https:\/\/corece.org.br\/site\/core-ce-celebra-60-anos-reinaugura-sede-e-entrega-premio-mascate-de-ouro\/\" aria-label=\"Leia mais sobre Core-CE celebra 60 anos, reinaugura sede e entrega Pr\u00eamio Mascate de Ouro\" tabindex=\"-1\">\n\t\t\tLeia mais \u00bb\t\t<\/a>\n\n\t\t\t\t\t<\/div>\n\t\t\t\t<\/div>\n\t\t\t\t<\/article>\n\t\t\t\t<article class=\"elementor-post elementor-grid-item post-35228 post type-post status-publish format-standard has-post-thumbnail hentry category-artigo category-informativo-core-ce category-noticias category-ofertas category-uncategorized\">\n\t\t\t\t<a class=\"elementor-post__thumbnail__link\" href=\"https:\/\/corece.org.br\/site\/core-ceara-promove-capacitacao-gratuita-em-marketing-digital-para-representantes-comerciais\/\" tabindex=\"-1\">\n\t\t\t<div class=\"elementor-post__thumbnail\"><img decoding=\"async\" width=\"300\" height=\"113\" src=\"https:\/\/corece.org.br\/site\/wp-content\/uploads\/2026\/02\/BANNER-SITE-2026-300x113.png\" class=\"attachment-medium size-medium wp-image-35221\" alt=\"\" srcset=\"https:\/\/corece.org.br\/site\/wp-content\/uploads\/2026\/02\/BANNER-SITE-2026-300x113.png 300w, https:\/\/corece.org.br\/site\/wp-content\/uploads\/2026\/02\/BANNER-SITE-2026-1024x384.png 1024w, https:\/\/corece.org.br\/site\/wp-content\/uploads\/2026\/02\/BANNER-SITE-2026-768x288.png 768w, https:\/\/corece.org.br\/site\/wp-content\/uploads\/2026\/02\/BANNER-SITE-2026.png 1216w\" sizes=\"(max-width: 300px) 100vw, 300px\" \/><\/div>\n\t\t<\/a>\n\t\t\t\t<div class=\"elementor-post__text\">\n\t\t\t\t<h3 class=\"elementor-post__title\">\n\t\t\t<a href=\"https:\/\/corece.org.br\/site\/core-ceara-promove-capacitacao-gratuita-em-marketing-digital-para-representantes-comerciais\/\">\n\t\t\t\tCore Cear\u00e1 promove capacita\u00e7\u00e3o gratuita em Marketing Digital para Representantes Comerciais\t\t\t<\/a>\n\t\t<\/h3>\n\t\t\t\t<div class=\"elementor-post__meta-data\">\n\t\t\t\t\t<span class=\"elementor-post-date\">\n\t\t\tfevereiro 25, 2026\t\t<\/span>\n\t\t\t\t<\/div>\n\t\t\t\t<div class=\"elementor-post__excerpt\">\n\t\t\t<p>O Conselho Regional dos Representantes Comerciais no Estado do Cear\u00e1 (Core-CE), em parceria com o Sebrae Cear\u00e1, realiza nesta quinta-feira, 26 de fevereiro de 2026, a capacita\u00e7\u00e3o gratuita \u201cEstrat\u00e9gias de Marketing Digital para Aumentar Vendas\u201d, voltada especialmente para Representantes Comerciais que desejam ampliar seus resultados no ambiente digital. O encontro<\/p>\n\t\t<\/div>\n\t\t\t\t\t<div class=\"elementor-post__read-more-wrapper\">\n\t\t\n\t\t<a class=\"elementor-post__read-more\" href=\"https:\/\/corece.org.br\/site\/core-ceara-promove-capacitacao-gratuita-em-marketing-digital-para-representantes-comerciais\/\" aria-label=\"Leia mais sobre Core Cear\u00e1 promove capacita\u00e7\u00e3o gratuita em Marketing Digital para Representantes Comerciais\" tabindex=\"-1\">\n\t\t\tLeia mais \u00bb\t\t<\/a>\n\n\t\t\t\t\t<\/div>\n\t\t\t\t<\/div>\n\t\t\t\t<\/article>\n\t\t\t\t<article class=\"elementor-post elementor-grid-item post-35224 post type-post status-publish format-standard has-post-thumbnail hentry category-artigo category-informativo-core-ce category-eventos category-noticias\">\n\t\t\t\t<a class=\"elementor-post__thumbnail__link\" href=\"https:\/\/corece.org.br\/site\/alece-realiza-sessao-solene-em-homenagem-ao-dia-estadual-do-representante-comercial\/\" tabindex=\"-1\">\n\t\t\t<div class=\"elementor-post__thumbnail\"><img decoding=\"async\" width=\"240\" height=\"300\" src=\"https:\/\/corece.org.br\/site\/wp-content\/uploads\/2026\/02\/whatsapp_2jpg-1-240x300.jpeg\" class=\"attachment-medium size-medium wp-image-35226\" alt=\"\" srcset=\"https:\/\/corece.org.br\/site\/wp-content\/uploads\/2026\/02\/whatsapp_2jpg-1-240x300.jpeg 240w, https:\/\/corece.org.br\/site\/wp-content\/uploads\/2026\/02\/whatsapp_2jpg-1-819x1024.jpeg 819w, https:\/\/corece.org.br\/site\/wp-content\/uploads\/2026\/02\/whatsapp_2jpg-1-768x960.jpeg 768w, https:\/\/corece.org.br\/site\/wp-content\/uploads\/2026\/02\/whatsapp_2jpg-1.jpeg 1080w\" sizes=\"(max-width: 240px) 100vw, 240px\" \/><\/div>\n\t\t<\/a>\n\t\t\t\t<div class=\"elementor-post__text\">\n\t\t\t\t<h3 class=\"elementor-post__title\">\n\t\t\t<a href=\"https:\/\/corece.org.br\/site\/alece-realiza-sessao-solene-em-homenagem-ao-dia-estadual-do-representante-comercial\/\">\n\t\t\t\tALECE realiza Sess\u00e3o Solene em homenagem ao Dia Estadual do Representante Comercial\t\t\t<\/a>\n\t\t<\/h3>\n\t\t\t\t<div class=\"elementor-post__meta-data\">\n\t\t\t\t\t<span class=\"elementor-post-date\">\n\t\t\tfevereiro 24, 2026\t\t<\/span>\n\t\t\t\t<\/div>\n\t\t\t\t<div class=\"elementor-post__excerpt\">\n\t\t\t<p>A Assembleia Legislativa do Estado do Cear\u00e1 (ALECE) realiza nesta quarta-feira, 25 de fevereiro de 2026, \u00e0s 17h, Sess\u00e3o Solene em homenagem ao Dia Estadual do Representante Comercial. A cerim\u00f4nia acontecer\u00e1 no Plen\u00e1rio 13 de Maio, em Fortaleza, reunindo autoridades, lideran\u00e7as institucionais e profissionais da categoria. A solenidade tem como<\/p>\n\t\t<\/div>\n\t\t\t\t\t<div class=\"elementor-post__read-more-wrapper\">\n\t\t\n\t\t<a class=\"elementor-post__read-more\" href=\"https:\/\/corece.org.br\/site\/alece-realiza-sessao-solene-em-homenagem-ao-dia-estadual-do-representante-comercial\/\" aria-label=\"Leia mais sobre ALECE realiza Sess\u00e3o Solene em homenagem ao Dia Estadual do Representante Comercial\" tabindex=\"-1\">\n\t\t\tLeia mais \u00bb\t\t<\/a>\n\n\t\t\t\t\t<\/div>\n\t\t\t\t<\/div>\n\t\t\t\t<\/article>\n\t\t\t\t<article class=\"elementor-post elementor-grid-item post-35215 post type-post status-publish format-standard has-post-thumbnail hentry category-noticias category-eventos category-representantes category-uncategorized\">\n\t\t\t\t<a class=\"elementor-post__thumbnail__link\" href=\"https:\/\/corece.org.br\/site\/core-ce-60-anos-fortalecendo-a-representacao-comercial\/\" tabindex=\"-1\">\n\t\t\t<div class=\"elementor-post__thumbnail\"><img loading=\"lazy\" decoding=\"async\" width=\"240\" height=\"300\" src=\"https:\/\/corece.org.br\/site\/wp-content\/uploads\/2026\/02\/60-anos-Core-CE-240x300.png\" class=\"attachment-medium size-medium wp-image-35216\" alt=\"\" srcset=\"https:\/\/corece.org.br\/site\/wp-content\/uploads\/2026\/02\/60-anos-Core-CE-240x300.png 240w, https:\/\/corece.org.br\/site\/wp-content\/uploads\/2026\/02\/60-anos-Core-CE-819x1024.png 819w, https:\/\/corece.org.br\/site\/wp-content\/uploads\/2026\/02\/60-anos-Core-CE-768x960.png 768w, https:\/\/corece.org.br\/site\/wp-content\/uploads\/2026\/02\/60-anos-Core-CE.png 1080w\" sizes=\"(max-width: 240px) 100vw, 240px\" \/><\/div>\n\t\t<\/a>\n\t\t\t\t<div class=\"elementor-post__text\">\n\t\t\t\t<h3 class=\"elementor-post__title\">\n\t\t\t<a href=\"https:\/\/corece.org.br\/site\/core-ce-60-anos-fortalecendo-a-representacao-comercial\/\">\n\t\t\t\tCore-CE: 60 anos fortalecendo a Representa\u00e7\u00e3o Comercial\t\t\t<\/a>\n\t\t<\/h3>\n\t\t\t\t<div class=\"elementor-post__meta-data\">\n\t\t\t\t\t<span class=\"elementor-post-date\">\n\t\t\tfevereiro 8, 2026\t\t<\/span>\n\t\t\t\t<\/div>\n\t\t\t\t<div class=\"elementor-post__excerpt\">\n\t\t\t<p>H\u00e1 seis d\u00e9cadas, o Conselho Regional dos Representantes Comerciais do Cear\u00e1 (Core-CE) atua como agente de desenvolvimento, organiza\u00e7\u00e3o e valoriza\u00e7\u00e3o da Representa\u00e7\u00e3o Comercial. &#x2728; Desde 8 de fevereiro de 1966, o Core-CE desempenha um papel essencial na orienta\u00e7\u00e3o, na fiscaliza\u00e7\u00e3o e no registro da atividade, contribuindo de forma decisiva para<\/p>\n\t\t<\/div>\n\t\t\t\t\t<div class=\"elementor-post__read-more-wrapper\">\n\t\t\n\t\t<a class=\"elementor-post__read-more\" href=\"https:\/\/corece.org.br\/site\/core-ce-60-anos-fortalecendo-a-representacao-comercial\/\" aria-label=\"Leia mais sobre Core-CE: 60 anos fortalecendo a Representa\u00e7\u00e3o Comercial\" tabindex=\"-1\">\n\t\t\tLeia mais \u00bb\t\t<\/a>\n\n\t\t\t\t\t<\/div>\n\t\t\t\t<\/div>\n\t\t\t\t<\/article>\n\t\t\t\t<article class=\"elementor-post elementor-grid-item post-35195 post type-post status-publish format-standard has-post-thumbnail hentry category-noticias category-sem-categoria\">\n\t\t\t\t<a class=\"elementor-post__thumbnail__link\" href=\"https:\/\/corece.org.br\/site\/anuidade-2026-core-ce-inicia-periodo-de-pagamento-com-descontos-de-ate-15-para-representantes-comerciais\/\" tabindex=\"-1\">\n\t\t\t<div class=\"elementor-post__thumbnail\"><img loading=\"lazy\" decoding=\"async\" width=\"300\" height=\"275\" src=\"https:\/\/corece.org.br\/site\/wp-content\/uploads\/2026\/02\/CE_Prancheta-1-copy-1-300x275.png\" class=\"attachment-medium size-medium wp-image-35198\" alt=\"\" srcset=\"https:\/\/corece.org.br\/site\/wp-content\/uploads\/2026\/02\/CE_Prancheta-1-copy-1-300x275.png 300w, https:\/\/corece.org.br\/site\/wp-content\/uploads\/2026\/02\/CE_Prancheta-1-copy-1-1024x939.png 1024w, https:\/\/corece.org.br\/site\/wp-content\/uploads\/2026\/02\/CE_Prancheta-1-copy-1-768x704.png 768w, https:\/\/corece.org.br\/site\/wp-content\/uploads\/2026\/02\/CE_Prancheta-1-copy-1.png 1080w\" sizes=\"(max-width: 300px) 100vw, 300px\" \/><\/div>\n\t\t<\/a>\n\t\t\t\t<div class=\"elementor-post__text\">\n\t\t\t\t<h3 class=\"elementor-post__title\">\n\t\t\t<a href=\"https:\/\/corece.org.br\/site\/anuidade-2026-core-ce-inicia-periodo-de-pagamento-com-descontos-de-ate-15-para-representantes-comerciais\/\">\n\t\t\t\tAnuidade 2026: Core-CE inicia per\u00edodo de pagamento com descontos de at\u00e9 15% para Representantes Comerciais\t\t\t<\/a>\n\t\t<\/h3>\n\t\t\t\t<div class=\"elementor-post__meta-data\">\n\t\t\t\t\t<span class=\"elementor-post-date\">\n\t\t\tfevereiro 2, 2026\t\t<\/span>\n\t\t\t\t<\/div>\n\t\t\t\t<div class=\"elementor-post__excerpt\">\n\t\t\t<p>Garanta at\u00e9 15% de desconto no pagamento at\u00e9 o \u00faltimo dia \u00fatil de fevereiro Representante Comercial, aproveite condi\u00e7\u00f5es especiais para o pagamento da anuidade de 2026:15% de desconto para pagamentos efetuados at\u00e9 o \u00faltimo dia \u00fatil de fevereiro.10% de desconto para pagamentos realizados at\u00e9 31 de mar\u00e7o. Op\u00e7\u00e3o de parcelamento:Pagamento<\/p>\n\t\t<\/div>\n\t\t\t\t\t<div class=\"elementor-post__read-more-wrapper\">\n\t\t\n\t\t<a class=\"elementor-post__read-more\" href=\"https:\/\/corece.org.br\/site\/anuidade-2026-core-ce-inicia-periodo-de-pagamento-com-descontos-de-ate-15-para-representantes-comerciais\/\" aria-label=\"Leia mais sobre Anuidade 2026: Core-CE inicia per\u00edodo de pagamento com descontos de at\u00e9 15% para Representantes Comerciais\" tabindex=\"-1\">\n\t\t\tLeia mais \u00bb\t\t<\/a>\n\n\t\t\t\t\t<\/div>\n\t\t\t\t<\/div>\n\t\t\t\t<\/article>\n\t\t\t\t<article class=\"elementor-post elementor-grid-item post-35105 post type-post status-publish format-standard has-post-thumbnail hentry category-noticias category-sem-categoria\">\n\t\t\t\t<a class=\"elementor-post__thumbnail__link\" href=\"https:\/\/corece.org.br\/site\/core-ce-participa-da-1a-reuniao-geral-de-2026-da-distribuidora-jotuje\/\" tabindex=\"-1\">\n\t\t\t<div class=\"elementor-post__thumbnail\"><img loading=\"lazy\" decoding=\"async\" width=\"289\" height=\"300\" src=\"https:\/\/corece.org.br\/site\/wp-content\/uploads\/2026\/01\/WhatsApp-Image-2026-01-26-at-08.59.11-4-289x300.jpeg\" class=\"attachment-medium size-medium wp-image-35110\" alt=\"\" srcset=\"https:\/\/corece.org.br\/site\/wp-content\/uploads\/2026\/01\/WhatsApp-Image-2026-01-26-at-08.59.11-4-289x300.jpeg 289w, https:\/\/corece.org.br\/site\/wp-content\/uploads\/2026\/01\/WhatsApp-Image-2026-01-26-at-08.59.11-4-987x1024.jpeg 987w, https:\/\/corece.org.br\/site\/wp-content\/uploads\/2026\/01\/WhatsApp-Image-2026-01-26-at-08.59.11-4-768x796.jpeg 768w, https:\/\/corece.org.br\/site\/wp-content\/uploads\/2026\/01\/WhatsApp-Image-2026-01-26-at-08.59.11-4-1481x1536.jpeg 1481w, https:\/\/corece.org.br\/site\/wp-content\/uploads\/2026\/01\/WhatsApp-Image-2026-01-26-at-08.59.11-4-1975x2048.jpeg 1975w\" sizes=\"(max-width: 289px) 100vw, 289px\" \/><\/div>\n\t\t<\/a>\n\t\t\t\t<div class=\"elementor-post__text\">\n\t\t\t\t<h3 class=\"elementor-post__title\">\n\t\t\t<a href=\"https:\/\/corece.org.br\/site\/core-ce-participa-da-1a-reuniao-geral-de-2026-da-distribuidora-jotuje\/\">\n\t\t\t\tCore-CE participa da 1\u00aa Reuni\u00e3o Geral de 2026 da Distribuidora Jotuj\u00e9\t\t\t<\/a>\n\t\t<\/h3>\n\t\t\t\t<div class=\"elementor-post__meta-data\">\n\t\t\t\t\t<span class=\"elementor-post-date\">\n\t\t\tjaneiro 26, 2026\t\t<\/span>\n\t\t\t\t<\/div>\n\t\t\t\t<div class=\"elementor-post__excerpt\">\n\t\t\t<p>Na manh\u00e3 do s\u00e1bado, 24 de janeiro, o Conselho Regional dos Representantes Comerciais no Estado do Cear\u00e1 (Core-CE) marcou presen\u00e7a na 1\u00aa Reuni\u00e3o Geral de 2026 da Distribuidora Jotuj\u00e9, refor\u00e7ando seu compromisso com a orienta\u00e7\u00e3o, o atendimento e o fortalecimento da Representa\u00e7\u00e3o Comercial no estado. Durante o evento, a equipe<\/p>\n\t\t<\/div>\n\t\t\t\t\t<div class=\"elementor-post__read-more-wrapper\">\n\t\t\n\t\t<a class=\"elementor-post__read-more\" href=\"https:\/\/corece.org.br\/site\/core-ce-participa-da-1a-reuniao-geral-de-2026-da-distribuidora-jotuje\/\" aria-label=\"Leia mais sobre Core-CE participa da 1\u00aa Reuni\u00e3o Geral de 2026 da Distribuidora Jotuj\u00e9\" tabindex=\"-1\">\n\t\t\tLeia mais \u00bb\t\t<\/a>\n\n\t\t\t\t\t<\/div>\n\t\t\t\t<\/div>\n\t\t\t\t<\/article>\n\t\t\t\t<\/div>\n\t\t\n\t\t\t\t<div class=\"e-load-more-anchor\" data-page=\"1\" data-max-page=\"93\" data-next-page=\"https:\/\/corece.org.br\/site\/wp-json\/wp\/v2\/pages\/1317\/page\/2\/\"><\/div>\n\t\t\t\t<nav class=\"elementor-pagination\" aria-label=\"Pagina\u00e7\u00e3o\">\n\t\t\t<span class=\"page-numbers prev\">&laquo; Anterior<\/span>\n<span aria-current=\"page\" class=\"page-numbers current\"><span class=\"elementor-screen-only\">P\u00e1gina<\/span>1<\/span>\n<a class=\"page-numbers\" href=\"https:\/\/corece.org.br\/site\/wp-json\/wp\/v2\/pages\/1317\/page\/2\/\"><span class=\"elementor-screen-only\">P\u00e1gina<\/span>2<\/a>\n<a class=\"page-numbers\" href=\"https:\/\/corece.org.br\/site\/wp-json\/wp\/v2\/pages\/1317\/page\/3\/\"><span class=\"elementor-screen-only\">P\u00e1gina<\/span>3<\/a>\n<span class=\"page-numbers dots\">&hellip;<\/span>\n<a class=\"page-numbers\" href=\"https:\/\/corece.org.br\/site\/wp-json\/wp\/v2\/pages\/1317\/page\/93\/\"><span class=\"elementor-screen-only\">P\u00e1gina<\/span>93<\/a>\n<a class=\"page-numbers next\" href=\"https:\/\/corece.org.br\/site\/wp-json\/wp\/v2\/pages\/1317\/page\/2\/\">Seguinte &raquo;<\/a>\t\t<\/nav>\n\t\t\t\t<\/div>\n\t\t\t\t<\/div>\n\t\t\t\t\t<\/div>\n\t\t\t\t<\/div>\n\t\t\t\t<\/div>\n\t\t","protected":false},"excerpt":{"rendered":"<p>Blog<\/p>\n","protected":false},"author":1,"featured_media":0,"parent":0,"menu_order":0,"comment_status":"closed","ping_status":"closed","template":"","meta":{"footnotes":""},"class_list":["post-1317","page","type-page","status-publish","hentry"],"_links":{"self":[{"href":"https:\/\/corece.org.br\/site\/wp-json\/wp\/v2\/pages\/1317","targetHints":{"allow":["GET"]}}],"collection":[{"href":"https:\/\/corece.org.br\/site\/wp-json\/wp\/v2\/pages"}],"about":[{"href":"https:\/\/corece.org.br\/site\/wp-json\/wp\/v2\/types\/page"}],"author":[{"embeddable":true,"href":"https:\/\/corece.org.br\/site\/wp-json\/wp\/v2\/users\/1"}],"replies":[{"embeddable":true,"href":"https:\/\/corece.org.br\/site\/wp-json\/wp\/v2\/comments?post=1317"}],"version-history":[{"count":28,"href":"https:\/\/corece.org.br\/site\/wp-json\/wp\/v2\/pages\/1317\/revisions"}],"predecessor-version":[{"id":31750,"href":"https:\/\/corece.org.br\/site\/wp-json\/wp\/v2\/pages\/1317\/revisions\/31750"}],"wp:attachment":[{"href":"https:\/\/corece.org.br\/site\/wp-json\/wp\/v2\/media?parent=1317"}],"curies":[{"name":"wp","href":"https:\/\/api.w.org\/{rel}","templated":true}]}}