{"id":226,"date":"2024-02-20T13:25:36","date_gmt":"2024-02-20T13:25:36","guid":{"rendered":"https:\/\/corece.org.br\/site\/?page_id=226"},"modified":"2025-10-02T16:47:58","modified_gmt":"2025-10-02T19:47:58","slug":"registro","status":"publish","type":"page","link":"https:\/\/corece.org.br\/site\/registro\/","title":{"rendered":"Registro"},"content":{"rendered":"\t\t<div data-elementor-type=\"wp-page\" data-elementor-id=\"226\" class=\"elementor elementor-226\" data-elementor-post-type=\"page\">\n\t\t\t\t<div class=\"elementor-element elementor-element-ec32444 e-flex e-con-boxed e-con e-parent\" data-id=\"ec32444\" data-element_type=\"container\" data-settings=\"{&quot;jet_parallax_layout_list&quot;:[]}\">\n\t\t\t\t\t<div class=\"e-con-inner\">\n\t\t\t\t<div class=\"elementor-element elementor-element-6c27a6a elementor-widget elementor-widget-text-editor\" data-id=\"6c27a6a\" data-element_type=\"widget\" data-widget_type=\"text-editor.default\">\n\t\t\t\t<div class=\"elementor-widget-container\">\n\t\t\t<style>\/*! elementor - v3.21.0 - 08-05-2024 *\/\n.elementor-widget-text-editor.elementor-drop-cap-view-stacked .elementor-drop-cap{background-color:#69727d;color:#fff}.elementor-widget-text-editor.elementor-drop-cap-view-framed .elementor-drop-cap{color:#69727d;border:3px solid;background-color:transparent}.elementor-widget-text-editor:not(.elementor-drop-cap-view-default) .elementor-drop-cap{margin-top:8px}.elementor-widget-text-editor:not(.elementor-drop-cap-view-default) .elementor-drop-cap-letter{width:1em;height:1em}.elementor-widget-text-editor .elementor-drop-cap{float:left;text-align:center;line-height:1;font-size:50px}.elementor-widget-text-editor .elementor-drop-cap-letter{display:inline-block}<\/style>\t\t\t\t<nav aria-label=\"breadcrumbs\" class=\"rank-math-breadcrumb\"><p><span class=\"last\">Home<\/span><\/p><\/nav>\t\t\t\t\t\t<\/div>\n\t\t\t\t<\/div>\n\t\t\t\t<div class=\"elementor-element elementor-element-2b82e70 elementor-widget elementor-widget-heading\" data-id=\"2b82e70\" data-element_type=\"widget\" data-widget_type=\"heading.default\">\n\t\t\t\t<div class=\"elementor-widget-container\">\n\t\t\t<style>\/*! elementor - v3.21.0 - 08-05-2024 *\/\n.elementor-heading-title{padding:0;margin:0;line-height:1}.elementor-widget-heading .elementor-heading-title[class*=elementor-size-]>a{color:inherit;font-size:inherit;line-height:inherit}.elementor-widget-heading .elementor-heading-title.elementor-size-small{font-size:15px}.elementor-widget-heading .elementor-heading-title.elementor-size-medium{font-size:19px}.elementor-widget-heading .elementor-heading-title.elementor-size-large{font-size:29px}.elementor-widget-heading .elementor-heading-title.elementor-size-xl{font-size:39px}.elementor-widget-heading .elementor-heading-title.elementor-size-xxl{font-size:59px}<\/style><h2 class=\"elementor-heading-title elementor-size-default\">SOLICITE SEU REGISTRO\n<\/h2>\t\t<\/div>\n\t\t\t\t<\/div>\n\t\t\t\t<div class=\"elementor-element elementor-element-70fab0d elementor-widget elementor-widget-text-editor\" data-id=\"70fab0d\" data-element_type=\"widget\" data-widget_type=\"text-editor.default\">\n\t\t\t\t<div class=\"elementor-widget-container\">\n\t\t\t\t\t\t\t<p>O exerc\u00edcio da <b>Representa\u00e7\u00e3o Comercial<\/b> \u00e9 regulamentado pela Lei n\u00ba 4.886\/1965 e exige o registro obrigat\u00f3rio no Conselho Regional dos Representantes Comerciais (<b>CORE<\/b>), garantindo a habilita\u00e7\u00e3o legal e a conformidade com as normas \u00e9ticas e t\u00e9cnicas da profiss\u00e3o.<\/p><p>Este registro pode ser realizado de duas formas distintas, adaptadas \u00e0 natureza da atua\u00e7\u00e3o profissional:<\/p><ol start=\"1\"><li><p><b>Registro de Pessoa F\u00edsica (PF): <\/b><span data-olk-copy-source=\"MessageBody\">\u00e9 destinado ao profissional pessoa natural, que ir\u00e1 atuar em seu pr\u00f3prio nome, e sua rela\u00e7\u00e3o com a representada ser\u00e1 por meio de um contrato (Contratante pessoa jur\u00eddica x Contratado pessoa f\u00edsica ou Contratante pessoa f\u00edsica x Contratado pessoa f\u00edsica), sempre observando as obriga\u00e7\u00f5es \u00e9ticas e legais da profiss\u00e3o.<\/span><\/p><p>Por meio deste registro, o profissional passa a ter habilita\u00e7\u00e3o legal para exercer a representa\u00e7\u00e3o comercial, em conformidade com a Lei n\u00ba 4.886\/1965, que regulamenta a profiss\u00e3o no Brasil.<\/p><p>O representante comercial pessoa f\u00edsica, que atuar\u00e1 como respons\u00e1vel t\u00e9cnico de pessoa jur\u00eddica devidamente registrada no Conselho Regional dos Representantes Comerciais, pagar\u00e1 anuidade em valor correspondente a 50% (cinquenta por cento) da anuidade devida pelos demais profissionais aut\u00f4nomos registrados no mesmo Conselho.<\/p><p>Sua fun\u00e7\u00e3o \u00e9 assegurar que a atua\u00e7\u00e3o da pessoa jur\u00eddica esteja em conformidade com os preceitos \u00e9ticos, legais e t\u00e9cnicos da profiss\u00e3o, respondendo perante o Core-CE pelo cumprimento das obriga\u00e7\u00f5es relacionadas \u00e0 pr\u00e1tica da representa\u00e7\u00e3o comercial.<br \/><br \/><\/p><\/li><li><p><b>Registro de Pessoa Jur\u00eddica (PJ):<\/b> Voltado\u00a0<span data-olk-copy-source=\"MessageBody\">para empresas que t\u00eam por objetivo social o exerc\u00edcio da Representa\u00e7\u00e3o Comercial.\u00a0<\/span><\/p><p>Neste caso, a empresa, ao homologar sua constitui\u00e7\u00e3o no \u00f3rg\u00e3o competente, tem 60 (sessenta) dias para realizar seu registro profissional junto ao Core-CE, sob pena de multa por registro fora do prazo.<\/p><p>O registro das pessoas jur\u00eddicas nos Conselhos Regionais dos Representantes Comerciais se far\u00e1 mediante requerimento dirigido ao Diretor-Presidente da entidade, com a apresenta\u00e7\u00e3o dos documentos exigidos no \u00a7 3\u00ba, do artigo 3\u00ba, da Lei n\u00ba 4.886, de 09 de dezembro de 1965, com a indica\u00e7\u00e3o do seu Respons\u00e1vel T\u00e9cnico, representante comercial, pessoa natural, devidamente registrado no mesmo Conselho Regional e em situa\u00e7\u00e3o regular perante a Entidade.<\/p><p>O registro garante \u00e0 empresa habilita\u00e7\u00e3o pr\u00f3pria como representante comercial, permitindo atuar com seguran\u00e7a e se consolidar no mercado, ampliando sua estrutura e firmando contratos em nome da pessoa jur\u00eddica, sempre dentro das normas da legisla\u00e7\u00e3o vigente.<\/p><\/li><\/ol>\t\t\t\t\t\t<\/div>\n\t\t\t\t<\/div>\n\t\t<div class=\"elementor-element elementor-element-c327ad9 e-con-full e-flex e-con e-child\" data-id=\"c327ad9\" data-element_type=\"container\" data-settings=\"{&quot;jet_parallax_layout_list&quot;:[]}\">\n\t\t\t\t<div class=\"elementor-element elementor-element-f6ba26f elementor-align-justify elementor-widget__width-inherit elementor-widget elementor-widget-button\" data-id=\"f6ba26f\" data-element_type=\"widget\" data-widget_type=\"button.default\">\n\t\t\t\t<div class=\"elementor-widget-container\">\n\t\t\t\t\t<div class=\"elementor-button-wrapper\">\n\t\t\t<a class=\"elementor-button elementor-button-link elementor-size-sm\" href=\"https:\/\/corece.org.br\/site\/registro-pessoa-fisica\/\">\n\t\t\t\t\t\t<span class=\"elementor-button-content-wrapper\">\n\t\t\t\t\t\t\t\t\t<span class=\"elementor-button-text\">REGISTRO PESSOA F\u00cdSICA<\/span>\n\t\t\t\t\t<\/span>\n\t\t\t\t\t<\/a>\n\t\t<\/div>\n\t\t\t\t<\/div>\n\t\t\t\t<\/div>\n\t\t\t\t<div class=\"elementor-element elementor-element-a8cc04c elementor-align-justify elementor-widget__width-inherit elementor-widget elementor-widget-button\" data-id=\"a8cc04c\" data-element_type=\"widget\" data-widget_type=\"button.default\">\n\t\t\t\t<div class=\"elementor-widget-container\">\n\t\t\t\t\t<div class=\"elementor-button-wrapper\">\n\t\t\t<a class=\"elementor-button elementor-button-link elementor-size-sm\" href=\"https:\/\/corece.org.br\/site\/registro-pessoa-juridica\/\">\n\t\t\t\t\t\t<span class=\"elementor-button-content-wrapper\">\n\t\t\t\t\t\t\t\t\t<span class=\"elementor-button-text\">REGISTRO PESSOA JUR\u00cdDICA<\/span>\n\t\t\t\t\t<\/span>\n\t\t\t\t\t<\/a>\n\t\t<\/div>\n\t\t\t\t<\/div>\n\t\t\t\t<\/div>\n\t\t\t\t<\/div>\n\t\t\t\t\t<\/div>\n\t\t\t\t<\/div>\n\t\t\t\t<\/div>\n\t\t","protected":false},"excerpt":{"rendered":"<p>SOLICITE SEU REGISTRO O exerc\u00edcio da Representa\u00e7\u00e3o Comercial \u00e9 regulamentado pela Lei n\u00ba 4.886\/1965 e exige o registro obrigat\u00f3rio no Conselho Regional dos Representantes Comerciais (CORE), garantindo a habilita\u00e7\u00e3o legal e a conformidade com as normas \u00e9ticas e t\u00e9cnicas da profiss\u00e3o. Este registro pode ser realizado de duas formas distintas, adaptadas \u00e0 natureza da atua\u00e7\u00e3o [&hellip;]<\/p>\n","protected":false},"author":1,"featured_media":0,"parent":0,"menu_order":0,"comment_status":"closed","ping_status":"closed","template":"","meta":{"footnotes":""},"class_list":["post-226","page","type-page","status-publish","hentry"],"_links":{"self":[{"href":"https:\/\/corece.org.br\/site\/wp-json\/wp\/v2\/pages\/226","targetHints":{"allow":["GET"]}}],"collection":[{"href":"https:\/\/corece.org.br\/site\/wp-json\/wp\/v2\/pages"}],"about":[{"href":"https:\/\/corece.org.br\/site\/wp-json\/wp\/v2\/types\/page"}],"author":[{"embeddable":true,"href":"https:\/\/corece.org.br\/site\/wp-json\/wp\/v2\/users\/1"}],"replies":[{"embeddable":true,"href":"https:\/\/corece.org.br\/site\/wp-json\/wp\/v2\/comments?post=226"}],"version-history":[{"count":37,"href":"https:\/\/corece.org.br\/site\/wp-json\/wp\/v2\/pages\/226\/revisions"}],"predecessor-version":[{"id":34593,"href":"https:\/\/corece.org.br\/site\/wp-json\/wp\/v2\/pages\/226\/revisions\/34593"}],"wp:attachment":[{"href":"https:\/\/corece.org.br\/site\/wp-json\/wp\/v2\/media?parent=226"}],"curies":[{"name":"wp","href":"https:\/\/api.w.org\/{rel}","templated":true}]}}