{"id":231,"date":"2024-02-20T13:25:36","date_gmt":"2024-02-20T13:25:36","guid":{"rendered":"https:\/\/corece.org.br\/site\/?page_id=231"},"modified":"2026-01-22T15:57:02","modified_gmt":"2026-01-22T18:57:02","slug":"cancelamento-de-registro","status":"publish","type":"page","link":"https:\/\/corece.org.br\/site\/cancelamento-de-registro\/","title":{"rendered":"Cancelamento de Registro"},"content":{"rendered":"\t\t<div data-elementor-type=\"wp-page\" data-elementor-id=\"231\" class=\"elementor elementor-231\" data-elementor-post-type=\"page\">\n\t\t\t\t<div class=\"elementor-element elementor-element-82479f4 e-flex e-con-boxed e-con e-parent\" data-id=\"82479f4\" data-element_type=\"container\" data-settings=\"{&quot;jet_parallax_layout_list&quot;:[]}\">\n\t\t\t\t\t<div class=\"e-con-inner\">\n\t\t\t\t<div class=\"elementor-element elementor-element-fd01ffb elementor-widget elementor-widget-heading\" data-id=\"fd01ffb\" data-element_type=\"widget\" data-widget_type=\"heading.default\">\n\t\t\t\t<div class=\"elementor-widget-container\">\n\t\t\t<style>\/*! elementor - v3.21.0 - 08-05-2024 *\/\n.elementor-heading-title{padding:0;margin:0;line-height:1}.elementor-widget-heading .elementor-heading-title[class*=elementor-size-]>a{color:inherit;font-size:inherit;line-height:inherit}.elementor-widget-heading .elementor-heading-title.elementor-size-small{font-size:15px}.elementor-widget-heading .elementor-heading-title.elementor-size-medium{font-size:19px}.elementor-widget-heading .elementor-heading-title.elementor-size-large{font-size:29px}.elementor-widget-heading .elementor-heading-title.elementor-size-xl{font-size:39px}.elementor-widget-heading .elementor-heading-title.elementor-size-xxl{font-size:59px}<\/style><h2 class=\"elementor-heading-title elementor-size-default\">Cancelamento de Registro Profissional \u2013 Core-CE<\/h2>\t\t<\/div>\n\t\t\t\t<\/div>\n\t\t\t\t<div class=\"elementor-element elementor-element-8085cbb elementor-widget elementor-widget-text-editor\" data-id=\"8085cbb\" data-element_type=\"widget\" data-widget_type=\"text-editor.default\">\n\t\t\t\t<div class=\"elementor-widget-container\">\n\t\t\t<style>\/*! elementor - v3.21.0 - 08-05-2024 *\/\n.elementor-widget-text-editor.elementor-drop-cap-view-stacked .elementor-drop-cap{background-color:#69727d;color:#fff}.elementor-widget-text-editor.elementor-drop-cap-view-framed .elementor-drop-cap{color:#69727d;border:3px solid;background-color:transparent}.elementor-widget-text-editor:not(.elementor-drop-cap-view-default) .elementor-drop-cap{margin-top:8px}.elementor-widget-text-editor:not(.elementor-drop-cap-view-default) .elementor-drop-cap-letter{width:1em;height:1em}.elementor-widget-text-editor .elementor-drop-cap{float:left;text-align:center;line-height:1;font-size:50px}.elementor-widget-text-editor .elementor-drop-cap-letter{display:inline-block}<\/style>\t\t\t\t<p>O cancelamento de registro profissional junto ao Core-CE \u00e9 destinado aos representantes comerciais, pessoas f\u00edsicas ou jur\u00eddicas, que <strong data-start=\"550\" data-end=\"609\">n\u00e3o exercem mais a atividade de representa\u00e7\u00e3o comercial<\/strong>, bem como \u00e0s demais hip\u00f3teses previstas em norma.<\/p><p data-start=\"661\" data-end=\"682\"><strong><img decoding=\"async\" class=\"emoji\" role=\"img\" draggable=\"false\" src=\"https:\/\/s.w.org\/images\/core\/emoji\/17.0.2\/svg\/1f4cc.svg\" alt=\"\ud83d\udccc\" \/> COMO SOLICITAR<br \/><\/strong>A solicita\u00e7\u00e3o deve ser iniciada por e-mail: <img decoding=\"async\" class=\"emoji\" role=\"img\" draggable=\"false\" src=\"https:\/\/s.w.org\/images\/core\/emoji\/17.0.2\/svg\/1f4e7.svg\" alt=\"\ud83d\udce7\" \/> <strong data-start=\"730\" data-end=\"756\"><a class=\"decorated-link cursor-pointer\" href=\"mailto:registro@corece.org.br\" rel=\"noopener\" data-start=\"732\" data-end=\"754\">registro@corece.org.br<br \/><\/a><\/strong>Ap\u00f3s a solicita\u00e7\u00e3o, o procedimento ser\u00e1 formalizado no <strong data-start=\"813\" data-end=\"868\">Sistema de Gest\u00e3o de Recursos da Entidade \u2013 GERENTI<\/strong>, com a emiss\u00e3o do formul\u00e1rio e do termo de cancelamento.<\/p><p data-start=\"932\" data-end=\"952\"><strong><img decoding=\"async\" class=\"emoji\" role=\"img\" draggable=\"false\" src=\"https:\/\/s.w.org\/images\/core\/emoji\/17.0.2\/svg\/1f464.svg\" alt=\"\ud83d\udc64\" \/> PESSOA F\u00cdSICA<br \/><\/strong>O representante comercial pessoa f\u00edsica poder\u00e1 solicitar o cancelamento quando deixar de exercer a atividade profissional.<\/p><ul data-start=\"1077\" data-end=\"1439\"><li data-start=\"1077\" data-end=\"1210\"><p>O pedido \u00e9 realizado por meio do <strong data-start=\"1112\" data-end=\"1123\">GERENTI<\/strong>, com emiss\u00e3o e assinatura do <strong data-start=\"1153\" data-end=\"1178\">termo de cancelamento<\/strong>, de forma f\u00edsica ou eletr\u00f4nica.<\/p><\/li><li data-start=\"1211\" data-end=\"1331\"><p>No termo, o profissional declara n\u00e3o exercer mais a atividade e estar ciente das implica\u00e7\u00f5es legais e administrativas.<\/p><\/li><li data-start=\"1332\" data-end=\"1439\"><p><img decoding=\"async\" class=\"emoji\" role=\"img\" draggable=\"false\" src=\"https:\/\/s.w.org\/images\/core\/emoji\/17.0.2\/svg\/1f4c5.svg\" alt=\"\ud83d\udcc5\" \/> Os efeitos do cancelamento <strong data-start=\"1364\" data-end=\"1394\">retroagem \u00e0 data do pedido<\/strong>, inclusive quanto \u00e0 incid\u00eancia de anuidades.<\/p><\/li><\/ul><hr data-start=\"1441\" data-end=\"1444\" \/><p data-start=\"1446\" data-end=\"1480\"><strong><img decoding=\"async\" class=\"emoji\" role=\"img\" draggable=\"false\" src=\"https:\/\/s.w.org\/images\/core\/emoji\/17.0.2\/svg\/26b0.svg\" alt=\"\u26b0\ufe0f\" \/> FALECIMENTO (Pessoa F\u00edsica)<br \/><\/strong>No caso de falecimento do representante comercial, o cancelamento poder\u00e1 ser realizado <strong data-start=\"1568\" data-end=\"1594\">de of\u00edcio pelo Core-CE<\/strong> ou mediante requerimento de terceiro interessado, mediante apresenta\u00e7\u00e3o de documento id\u00f4neo, como:<\/p><ul data-start=\"1695\" data-end=\"1828\"><li data-start=\"1695\" data-end=\"1715\"><p>Certid\u00e3o de \u00f3bito;<\/p><\/li><li data-start=\"1716\" data-end=\"1788\"><p>Comprovante de situa\u00e7\u00e3o cadastral no CPF com indica\u00e7\u00e3o de falecimento;<\/p><\/li><li data-start=\"1789\" data-end=\"1828\"><p>Senten\u00e7a judicial de morte presumida.<\/p><\/li><\/ul><p><img decoding=\"async\" class=\"emoji\" role=\"img\" draggable=\"false\" src=\"https:\/\/s.w.org\/images\/core\/emoji\/17.0.2\/svg\/1f4c5.svg\" alt=\"\ud83d\udcc5\" \/> Os efeitos do cancelamento retroagem \u00e0 data do \u00f3bito, inclusive quanto \u00e0s anuidades.<\/p><hr data-start=\"1919\" data-end=\"1922\" \/><p data-start=\"1924\" data-end=\"1946\"><strong><img decoding=\"async\" class=\"emoji\" role=\"img\" draggable=\"false\" src=\"https:\/\/s.w.org\/images\/core\/emoji\/17.0.2\/svg\/1f3e2.svg\" alt=\"\ud83c\udfe2\" \/> PESSOA JUR\u00cdDICA<br \/><\/strong>O <strong data-start=\"257\" data-end=\"317\">cancelamento do registro profissional de pessoa jur\u00eddica<\/strong> poder\u00e1 ser solicitado pelo <strong data-start=\"345\" data-end=\"379\">representante legal da empresa<\/strong> ou por <strong data-start=\"387\" data-end=\"422\">terceiro devidamente autorizado<\/strong>, mediante procura\u00e7\u00e3o.<\/p><p data-start=\"782\" data-end=\"812\"><strong><img decoding=\"async\" class=\"emoji\" role=\"img\" draggable=\"false\" src=\"https:\/\/s.w.org\/images\/core\/emoji\/17.0.2\/svg\/1f4c4.svg\" alt=\"\ud83d\udcc4\" \/> Documenta\u00e7\u00e3o necess\u00e1ria<br \/><\/strong>O pedido dever\u00e1 ser instru\u00eddo com <strong data-start=\"848\" data-end=\"879\">um dos seguintes documentos<\/strong>:<\/p><ul><li style=\"list-style-type: none;\"><ul data-start=\"882\" data-end=\"1328\"><li data-start=\"882\" data-end=\"1132\"><p data-start=\"884\" data-end=\"1132\"><strong data-start=\"884\" data-end=\"908\">Altera\u00e7\u00e3o contratual<\/strong><br data-start=\"908\" data-end=\"911\" \/>Documento que comprove altera\u00e7\u00e3o do nome comercial, denomina\u00e7\u00e3o, raz\u00e3o social, nome fantasia ou objeto social, quando houver refer\u00eancia \u00e0 atividade de representa\u00e7\u00e3o comercial ou atividade equivalente sujeita a registro;<\/p><\/li><li data-start=\"1134\" data-end=\"1328\"><p data-start=\"1136\" data-end=\"1328\"><strong data-start=\"1136\" data-end=\"1159\">Extin\u00e7\u00e3o da empresa<\/strong><br data-start=\"1159\" data-end=\"1162\" \/>Documento que comprove a extin\u00e7\u00e3o regular da empresa, com o devido arquivamento dos atos perante a Junta Comercial ou o Registro Civil das Pessoas Jur\u00eddicas (RCPJ).<\/p><\/li><\/ul><\/li><\/ul><p data-start=\"1335\" data-end=\"1365\"><strong><img decoding=\"async\" class=\"emoji\" role=\"img\" draggable=\"false\" src=\"https:\/\/s.w.org\/images\/core\/emoji\/17.0.2\/svg\/1f4c5.svg\" alt=\"\ud83d\udcc5\" \/> Efeitos do cancelamento<\/strong><\/p><ul data-start=\"1367\" data-end=\"1862\"><li data-start=\"1367\" data-end=\"1510\"><p data-start=\"1369\" data-end=\"1510\">Nos casos de <strong data-start=\"1382\" data-end=\"1406\">altera\u00e7\u00e3o contratual<\/strong>, os efeitos do cancelamento retroagem \u00e0 <strong data-start=\"1447\" data-end=\"1465\">data do pedido<\/strong>, inclusive quanto \u00e0 incid\u00eancia de anuidades;<\/p><\/li><li data-start=\"1511\" data-end=\"1704\"><p data-start=\"1513\" data-end=\"1704\">Nos casos de <strong data-start=\"1526\" data-end=\"1549\">extin\u00e7\u00e3o da empresa<\/strong>, o cancelamento poder\u00e1 ser realizado <strong data-start=\"1587\" data-end=\"1613\">de of\u00edcio pelo Core-CE<\/strong>, com efeitos a partir da homologa\u00e7\u00e3o, permanecendo as obriga\u00e7\u00f5es existentes at\u00e9 essa data;<\/p><\/li><li data-start=\"1705\" data-end=\"1862\"><p data-start=\"1707\" data-end=\"1862\">O Core-CE poder\u00e1 isentar a pessoa jur\u00eddica do pagamento de anuidades e demais obriga\u00e7\u00f5es <strong data-start=\"1796\" data-end=\"1824\">a partir do ano seguinte<\/strong> ao arquivamento dos atos de extin\u00e7\u00e3o.<\/p><\/li><\/ul><hr data-start=\"2552\" data-end=\"2555\" \/><p data-start=\"1869\" data-end=\"1895\"><strong><img decoding=\"async\" class=\"emoji\" role=\"img\" draggable=\"false\" src=\"https:\/\/s.w.org\/images\/core\/emoji\/17.0.2\/svg\/1f464.svg\" alt=\"\ud83d\udc64\" \/> RESPONS\u00c1VEL T\u00c9CNICO<\/strong><\/p><ul data-start=\"1897\" data-end=\"2402\"><li data-start=\"1897\" data-end=\"2059\"><p data-start=\"1899\" data-end=\"2059\">O cancelamento do registro da pessoa jur\u00eddica <strong data-start=\"1945\" data-end=\"1976\">n\u00e3o implica automaticamente<\/strong> o cancelamento do registro da pessoa f\u00edsica indicada como <strong data-start=\"2035\" data-end=\"2058\">Respons\u00e1vel T\u00e9cnico<\/strong>;<\/p><\/li><li data-start=\"2060\" data-end=\"2261\"><p data-start=\"2062\" data-end=\"2261\">O respons\u00e1vel t\u00e9cnico perder\u00e1 o benef\u00edcio de pagamento de anuidade com valor reduzido (50%) e passar\u00e1 ao pagamento integral, caso n\u00e3o comprove v\u00ednculo com outra pessoa jur\u00eddica registrada no Core-CE;<\/p><\/li><li data-start=\"2262\" data-end=\"2402\"><p data-start=\"2264\" data-end=\"2402\">Caso o requerente seja tamb\u00e9m o respons\u00e1vel t\u00e9cnico, dever\u00e1 <strong data-start=\"2324\" data-end=\"2348\">informar formalmente<\/strong> se pretende cancelar o seu registro de pessoa f\u00edsica.<\/p><\/li><\/ul><hr data-start=\"2875\" data-end=\"2878\" \/><p data-start=\"2880\" data-end=\"2904\"><strong><img decoding=\"async\" class=\"emoji\" role=\"img\" draggable=\"false\" src=\"https:\/\/s.w.org\/images\/core\/emoji\/17.0.2\/svg\/1f4b0.svg\" alt=\"\ud83d\udcb0\" \/> D\u00c9BITOS PENDENTES<br \/><\/strong>O cancelamento do registro <strong data-start=\"2932\" data-end=\"2967\">n\u00e3o extingue d\u00e9bitos existentes<\/strong>, permanecendo o respons\u00e1vel sujeito \u00e0 cobran\u00e7a administrativa ou judicial pelo Core-CE.<\/p><hr data-start=\"3057\" data-end=\"3060\" \/><p data-start=\"3062\" data-end=\"3090\"><strong>CANAIS DE ATENDIMENTO<br \/><\/strong><img decoding=\"async\" class=\"emoji\" role=\"img\" draggable=\"false\" src=\"https:\/\/s.w.org\/images\/core\/emoji\/17.0.2\/svg\/1f4de.svg\" alt=\"\ud83d\udcde\" \/> Telefone: (85) 3272-4010 \u2013 op\u00e7\u00e3o 02<br data-start=\"3129\" data-end=\"3132\" \/><img decoding=\"async\" class=\"emoji\" role=\"img\" draggable=\"false\" src=\"https:\/\/s.w.org\/images\/core\/emoji\/17.0.2\/svg\/1f7e2.svg\" alt=\"\ud83d\udfe2\" \/> WhatsApp: (85) 98643-8447 \u2013 op\u00e7\u00e3o 01<br data-start=\"3171\" data-end=\"3174\" \/><img decoding=\"async\" class=\"emoji\" role=\"img\" draggable=\"false\" src=\"https:\/\/s.w.org\/images\/core\/emoji\/17.0.2\/svg\/1f4e7.svg\" alt=\"\ud83d\udce7\" \/> E-mail: <strong><a class=\"decorated-link cursor-pointer\" href=\"mailto:registro@corece.org.br\" rel=\"noopener\" data-start=\"3185\" data-end=\"3207\">registro@corece.org.br<\/a><\/strong><\/p>\t\t\t\t\t\t<\/div>\n\t\t\t\t<\/div>\n\t\t\t\t<div class=\"elementor-element elementor-element-92b2a70 elementor-widget elementor-widget-text-editor\" data-id=\"92b2a70\" data-element_type=\"widget\" data-widget_type=\"text-editor.default\">\n\t\t\t\t<div class=\"elementor-widget-container\">\n\t\t\t\t\t\t\t<nav aria-label=\"breadcrumbs\" class=\"rank-math-breadcrumb\"><p><span class=\"last\">Home<\/span><\/p><\/nav>\t\t\t\t\t\t<\/div>\n\t\t\t\t<\/div>\n\t\t\t\t\t<\/div>\n\t\t\t\t<\/div>\n\t\t\t\t<\/div>\n\t\t","protected":false},"excerpt":{"rendered":"<p>Cancelamento de Registro Profissional \u2013 Core-CE O cancelamento de registro profissional junto ao Core-CE \u00e9 destinado aos representantes comerciais, pessoas f\u00edsicas ou jur\u00eddicas, que n\u00e3o exercem mais a atividade de representa\u00e7\u00e3o comercial, bem como \u00e0s demais hip\u00f3teses previstas em norma. COMO SOLICITARA solicita\u00e7\u00e3o deve ser iniciada por e-mail: registro@corece.org.brAp\u00f3s a solicita\u00e7\u00e3o, o procedimento ser\u00e1 formalizado [&hellip;]<\/p>\n","protected":false},"author":1,"featured_media":0,"parent":0,"menu_order":0,"comment_status":"closed","ping_status":"closed","template":"","meta":{"footnotes":""},"class_list":["post-231","page","type-page","status-publish","hentry"],"_links":{"self":[{"href":"https:\/\/corece.org.br\/site\/wp-json\/wp\/v2\/pages\/231","targetHints":{"allow":["GET"]}}],"collection":[{"href":"https:\/\/corece.org.br\/site\/wp-json\/wp\/v2\/pages"}],"about":[{"href":"https:\/\/corece.org.br\/site\/wp-json\/wp\/v2\/types\/page"}],"author":[{"embeddable":true,"href":"https:\/\/corece.org.br\/site\/wp-json\/wp\/v2\/users\/1"}],"replies":[{"embeddable":true,"href":"https:\/\/corece.org.br\/site\/wp-json\/wp\/v2\/comments?post=231"}],"version-history":[{"count":52,"href":"https:\/\/corece.org.br\/site\/wp-json\/wp\/v2\/pages\/231\/revisions"}],"predecessor-version":[{"id":35101,"href":"https:\/\/corece.org.br\/site\/wp-json\/wp\/v2\/pages\/231\/revisions\/35101"}],"wp:attachment":[{"href":"https:\/\/corece.org.br\/site\/wp-json\/wp\/v2\/media?parent=231"}],"curies":[{"name":"wp","href":"https:\/\/api.w.org\/{rel}","templated":true}]}}