{"id":252,"date":"2024-02-20T13:27:26","date_gmt":"2024-02-20T13:27:26","guid":{"rendered":"https:\/\/corece.org.br\/site\/?page_id=252"},"modified":"2025-09-08T08:36:13","modified_gmt":"2025-09-08T11:36:13","slug":"sobre-a-fiscalizacao","status":"publish","type":"page","link":"https:\/\/corece.org.br\/site\/sobre-a-fiscalizacao\/","title":{"rendered":"Sobre a Fiscaliza\u00e7\u00e3o"},"content":{"rendered":"\t\t<div data-elementor-type=\"wp-page\" data-elementor-id=\"252\" class=\"elementor elementor-252\" data-elementor-post-type=\"page\">\n\t\t\t\t<div class=\"elementor-element elementor-element-325ac82 e-flex e-con-boxed e-con e-parent\" data-id=\"325ac82\" data-element_type=\"container\" data-settings=\"{&quot;jet_parallax_layout_list&quot;:[]}\">\n\t\t\t\t\t<div class=\"e-con-inner\">\n\t\t\t\t<div class=\"elementor-element elementor-element-e9691a0 elementor-widget elementor-widget-heading\" data-id=\"e9691a0\" data-element_type=\"widget\" data-widget_type=\"heading.default\">\n\t\t\t\t<div class=\"elementor-widget-container\">\n\t\t\t<style>\/*! elementor - v3.21.0 - 08-05-2024 *\/\n.elementor-heading-title{padding:0;margin:0;line-height:1}.elementor-widget-heading .elementor-heading-title[class*=elementor-size-]>a{color:inherit;font-size:inherit;line-height:inherit}.elementor-widget-heading .elementor-heading-title.elementor-size-small{font-size:15px}.elementor-widget-heading .elementor-heading-title.elementor-size-medium{font-size:19px}.elementor-widget-heading .elementor-heading-title.elementor-size-large{font-size:29px}.elementor-widget-heading .elementor-heading-title.elementor-size-xl{font-size:39px}.elementor-widget-heading .elementor-heading-title.elementor-size-xxl{font-size:59px}<\/style><h2 class=\"elementor-heading-title elementor-size-default\">Sobre a Fiscaliza\u00e7\u00e3o\n<\/h2>\t\t<\/div>\n\t\t\t\t<\/div>\n\t\t\t\t<div class=\"elementor-element elementor-element-8d14a17 elementor-widget elementor-widget-text-editor\" data-id=\"8d14a17\" data-element_type=\"widget\" data-widget_type=\"text-editor.default\">\n\t\t\t\t<div class=\"elementor-widget-container\">\n\t\t\t<style>\/*! elementor - v3.21.0 - 08-05-2024 *\/\n.elementor-widget-text-editor.elementor-drop-cap-view-stacked .elementor-drop-cap{background-color:#69727d;color:#fff}.elementor-widget-text-editor.elementor-drop-cap-view-framed .elementor-drop-cap{color:#69727d;border:3px solid;background-color:transparent}.elementor-widget-text-editor:not(.elementor-drop-cap-view-default) .elementor-drop-cap{margin-top:8px}.elementor-widget-text-editor:not(.elementor-drop-cap-view-default) .elementor-drop-cap-letter{width:1em;height:1em}.elementor-widget-text-editor .elementor-drop-cap{float:left;text-align:center;line-height:1;font-size:50px}.elementor-widget-text-editor .elementor-drop-cap-letter{display:inline-block}<\/style>\t\t\t\t<p class=\"x_MsoNormal\"><span data-olk-copy-source=\"MessageBody\">O Conselho Regional dos Representantes Comerciais no Estado do Cear\u00e1 \u2013 Core-CE \u00e9 uma autarquia federal, criada pela Lei n\u00ba 4.886\/1965, com altera\u00e7\u00f5es introduzidas pelas Leis n\u00ba 8.420\/1992 e n\u00ba 12.246\/2010, dotada de personalidade jur\u00eddica de Direito P\u00fablico, com autonomia t\u00e9cnica, administrativa e financeira e poder de pol\u00edcia para o exerc\u00edcio de suas finalidades prec\u00edpuas: habilita\u00e7\u00e3o e fiscaliza\u00e7\u00e3o profissional da atividade de representa\u00e7\u00e3o comercial neste Estado.<\/span><\/p><p class=\"x_MsoNormal\">Considerando que toda pessoa f\u00edsica ou jur\u00eddica, que exerce ou se prop\u00f5e a exercer a profiss\u00e3o de representa\u00e7\u00e3o comercial \u00e9 obrigada a se registrar no Conselho Regional da unidade federativa em que se encontra domiciliada ou sediada, a fiscaliza\u00e7\u00e3o do Core-CE, vem garantir o exerc\u00edcio legal da profiss\u00e3o, visando disciplinar os profissionais e conscientizar a sociedade sobre a import\u00e2ncia da atua\u00e7\u00e3o legal.<\/p><p class=\"x_MsoNormal\">O registro profissional \u00e9 indispens\u00e1vel para tutela da sociedade, pois, exercendo regularmente a profiss\u00e3o, o representante comercial goza das prerrogativas dispostas na Lei 4.886\/65 e presta um servi\u00e7o mercantil de qualidade.<\/p><p>\u00a0<\/p><p><strong>DOS OBJETIVOS DA FISCALIZA\u00c7\u00c3O:<\/strong><\/p><p><span data-olk-copy-source=\"MessageBody\">Conforme Art. 4\u00ba da Resolu\u00e7\u00e3o N\u00ba 2.158\/2025 que estabelece o Plano Nacional de Fiscaliza\u00e7\u00e3o do Sistema Confere\/Cores, a fiscaliza\u00e7\u00e3o do exerc\u00edcio da atividade de Representa\u00e7\u00e3o Comercial, abrange a\u00e7\u00f5es educativas, preventivas, corretivas e punitivas e tem por objetivo:<\/span><\/p><p><strong>I \u2013<\/strong> <span data-olk-copy-source=\"MessageBody\">Garantir que as pr\u00e1ticas de fiscaliza\u00e7\u00e3o sejam consonantes com os princ\u00edpios que norteiam a miss\u00e3o definida em lei para as entidades que comp\u00f5em o Sistema Confere\/Cores;<\/span><\/p><p><strong>II \u2013<\/strong> <span data-olk-copy-source=\"MessageBody\">Orientar aqueles que atuam na Representa\u00e7\u00e3o Comercial, os que contratam seus servi\u00e7os e a sociedade em geral sobre a legisla\u00e7\u00e3o de reg\u00eancia da profiss\u00e3o e da obrigatoriedade do registro do representante comercial, pessoa f\u00edsica ou jur\u00eddica, no Conselho Regional instalado no seu respectivo Estado;<\/span><\/p><p><strong>III \u2013<\/strong> <span data-olk-copy-source=\"MessageBody\">Coibir o exerc\u00edcio ilegal ou irregular da Representa\u00e7\u00e3o Comercial, em conformidade com a legisla\u00e7\u00e3o vigente, aplicando, nos casos em que se fizer necess\u00e1rio, as san\u00e7\u00f5es decorrentes do poder de pol\u00edcia, quando restarem comprovadas as infra\u00e7\u00f5es pertinentes ao exerc\u00edcio profissional, sem que o infrator saneie as irregularidades apontadas ou apresente defesa que justifique o arquivamento do procedimento fiscalizat\u00f3rio;<\/span><\/p><p><strong>IV \u2013<\/strong> <span data-olk-copy-source=\"MessageBody\">Verificar o atendimento aos normativos do Sistema Confere\/Cores quanto \u00e0 presta\u00e7\u00e3o de servi\u00e7os de Representa\u00e7\u00e3o Comercial;<\/span><\/p><p><strong>V \u2013<\/strong> <span data-olk-copy-source=\"MessageBody\">Aplicar os procedimentos previstos no C\u00f3digo de \u00c9tica e Disciplina dos Representantes Comerciais, bem como aqueles previstos nas demais Resolu\u00e7\u00f5es do Conselho Federal, que tratam da conduta profissional da categoria;<\/span><\/p><p>\u00a0<\/p><p><strong>DA INSTAURA\u00c7\u00c3O DO PROCESSO DE FISCALIZA\u00c7\u00c3O:<\/strong><\/p><p class=\"x_MsoNormal\"><span data-olk-copy-source=\"MessageBody\">De acordo com o Art. 2\u00ba da Resolu\u00e7\u00e3o N\u00ba 2.119\/2024 que trata do Manual do Processo Administrativo Fiscalizat\u00f3rio do Sistema Confere\/Cores, a instaura\u00e7\u00e3o do Processo de Fiscaliza\u00e7\u00e3o pode se dar de of\u00edcio ou mediante representa\u00e7\u00e3o, no formato f\u00edsico ou eletr\u00f4nico, nos casos em que se verificar a exist\u00eancia de provas ou ind\u00edcios suficientes de materialidade e de autoria de infra\u00e7\u00e3o \u00e0 Lei n\u00ba 4.886\/65 e aos demais atos normativos do Conselho Federal dos Representantes Comerciais, bem como nos casos de orienta\u00e7\u00e3o e preven\u00e7\u00e3o ao exerc\u00edcio ilegal ou faltoso da profiss\u00e3o.<\/span><\/p><p class=\"x_MsoNormal\">O Processo de Fiscaliza\u00e7\u00e3o \u00e9 um ato administrativo que se inicia com a abertura do processo fiscalizat\u00f3rio, instru\u00eddo com o Auto de Infra\u00e7\u00e3o, Notifica\u00e7\u00e3o de Lan\u00e7amentos e demais documentos que demonstrem a atua\u00e7\u00e3o ilegal da Representa\u00e7\u00e3o Comercial.<\/p><p class=\"x_MsoNormal\">O Processo de Fiscaliza\u00e7\u00e3o respeita ao princ\u00edpio do contradit\u00f3rio e da ampla defesa conferidos ao (\u00e0) infrator (a), cabalmente demonstrados nos autos do procedimento administrativo.<\/p><p><strong>Auto de Infra\u00e7\u00e3o: <\/strong><span data-olk-copy-source=\"MessageBody\">primeiro of\u00edcio expedido ap\u00f3s a abertura do processo fiscalizat\u00f3rio tem por objetivo o chamamento da pessoa jur\u00eddica para realizar o registro no Core-CE, O auto informa sobre a obrigatoriedade de registro.<\/span><\/p><p class=\"x_MsoNormal\">Esse documento firmado pelo agente de fiscaliza\u00e7\u00e3o, descreve a infra\u00e7\u00e3o verificada no exerc\u00edcio da atividade da Representa\u00e7\u00e3o Comercial, por pessoa f\u00edsica ou jur\u00eddica, e solicita sua regulariza\u00e7\u00e3o no prazo de 30 (trinta) dias corridos, sob pena de o(a) autuado(a) ficar sujeito \u00e0 penalidade da aplica\u00e7\u00e3o de multa administrativa, sem preju\u00edzo das a\u00e7\u00f5es legais e judiciais cab\u00edveis.<\/p><p class=\"x_MsoNormal\">O of\u00edcio \u00e9 enviado a todas as pessoas jur\u00eddicas no Estado do Cear\u00e1, que possuam em sua raz\u00e3o social e ou denomina\u00e7\u00e3o social, nome fantasia e objetivo social o termo \u201crepresenta\u00e7\u00e3o comercial\u201d, \u201crepresenta\u00e7\u00f5es comerciais\u201d, \u201crepresenta\u00e7\u00e3o\u201d, \u201crepresenta\u00e7\u00f5es\u201d, \u201cagenciamento\u201d, \u201cintermedia\u00e7\u00e3o\u201d, \u201cintermedia\u00e7\u00f5es\u201d e ou \u201cdistribui\u00e7\u00e3o\u201d.<\/p><p><strong><span data-olk-copy-source=\"MessageBody\">Notifica\u00e7\u00e3o de Lan\u00e7amento (multa administrativa):<\/span><\/strong><\/p><p class=\"x_MsoNormal\"><span data-olk-copy-source=\"MessageBody\">segundo of\u00edcio expedido \u00e0s pessoas jur\u00eddicas que n\u00e3o atenderam ao Auto de Infra\u00e7\u00e3o e permanecerem sem o devido registro ou apresenta\u00e7\u00e3o da defesa administrativa e que permanecem com as atividades elencadas na Lei n\u00ba. 4886\/65 e Resolu\u00e7\u00e3o CONFERE n\u00ba. 1.065\/2015.<\/span><\/p><p class=\"x_MsoNormal\">A Notifica\u00e7\u00e3o de Lan\u00e7amento (multa administrativa) est\u00e1 em conformidade com a Lei n\u00ba. 4.886\/65, Art. 18, al\u00ednea \u201cb\u201d e conforme prev\u00ea Resolu\u00e7\u00e3o CONFERE n\u00ba. 2.152\/2025: \u201cA pessoa f\u00edsica ou jur\u00eddica que exercer a representa\u00e7\u00e3o comercial aut\u00f4noma sem o devido registro habilitat\u00f3rio estar\u00e1 sujeita \u00e0 Multa Administrativa pelo exerc\u00edcio ilegal da profiss\u00e3o, em raz\u00e3o da aus\u00eancia de registro no Conselho Regional dos Representantes Comerciais competente\u201d.<\/p><p class=\"x_MsoNormal\">Essa multa \u00e9 um documento, em forma de boleto banc\u00e1rio para pagamento, que informa ao autuado a decis\u00e3o de aplica\u00e7\u00e3o de multa pelo o exerc\u00edcio ilegal da Representa\u00e7\u00e3o Comercial sem o devido registro habilitat\u00f3rio no Conselho Regional, contendo a identifica\u00e7\u00e3o do autuado, descri\u00e7\u00e3o da infra\u00e7\u00e3o e dos normativos legais transgredidos, refer\u00eancia ao n\u00famero do Auto de Infra\u00e7\u00e3o n\u00e3o atendido no prazo concedido, indica\u00e7\u00e3o do prazo de 30 (trinta) dias para pagar a multa ou apresentar recurso, e assinatura do presidente do Conselho Regional ou de quem seja por ele designado para oficializar o ato.<\/p><p class=\"x_MsoNormal\">A multa corresponde ao valor de R$ 1.515,00 (um mil, quinhentos e quinze reais)- Conforme normatizado no Art. 1\u00b0 da Resolu\u00e7\u00e3o do Confere N\u00b0 2.152\/2025.<\/p><p><strong>IMPORTANTE!<\/strong><\/p><p><span data-olk-copy-source=\"MessageBody\">Ap\u00f3s a percuss\u00e3o do processo fiscalizat\u00f3rio no \u00e2mbito administrativo, caso a pessoa f\u00edsica ou jur\u00eddica n\u00e3o realize o seu registro, o Core-CE ajuizar\u00e1 a\u00e7\u00e3o de obriga\u00e7\u00e3o de fazer no \u00e2mbito da Justi\u00e7a Federal para que seja determinado judicialmente o registro neste Conselho Profissional.<\/span><\/p>\t\t\t\t\t\t<\/div>\n\t\t\t\t<\/div>\n\t\t\t\t<div class=\"elementor-element elementor-element-8bdc446 elementor-widget elementor-widget-text-editor\" data-id=\"8bdc446\" data-element_type=\"widget\" data-widget_type=\"text-editor.default\">\n\t\t\t\t<div class=\"elementor-widget-container\">\n\t\t\t\t\t\t\t<nav aria-label=\"breadcrumbs\" class=\"rank-math-breadcrumb\"><p><span class=\"last\">Home<\/span><\/p><\/nav>\t\t\t\t\t\t<\/div>\n\t\t\t\t<\/div>\n\t\t\t\t\t<\/div>\n\t\t\t\t<\/div>\n\t\t\t\t<\/div>\n\t\t","protected":false},"excerpt":{"rendered":"<p>Sobre a Fiscaliza\u00e7\u00e3o O Conselho Regional dos Representantes Comerciais no Estado do Cear\u00e1 \u2013 Core-CE \u00e9 uma autarquia federal, criada pela Lei n\u00ba 4.886\/1965, com altera\u00e7\u00f5es introduzidas pelas Leis n\u00ba 8.420\/1992 e n\u00ba 12.246\/2010, dotada de personalidade jur\u00eddica de Direito P\u00fablico, com autonomia t\u00e9cnica, administrativa e financeira e poder de pol\u00edcia para o exerc\u00edcio de [&hellip;]<\/p>\n","protected":false},"author":1,"featured_media":0,"parent":0,"menu_order":0,"comment_status":"closed","ping_status":"closed","template":"","meta":{"footnotes":""},"class_list":["post-252","page","type-page","status-publish","hentry"],"_links":{"self":[{"href":"https:\/\/corece.org.br\/site\/wp-json\/wp\/v2\/pages\/252","targetHints":{"allow":["GET"]}}],"collection":[{"href":"https:\/\/corece.org.br\/site\/wp-json\/wp\/v2\/pages"}],"about":[{"href":"https:\/\/corece.org.br\/site\/wp-json\/wp\/v2\/types\/page"}],"author":[{"embeddable":true,"href":"https:\/\/corece.org.br\/site\/wp-json\/wp\/v2\/users\/1"}],"replies":[{"embeddable":true,"href":"https:\/\/corece.org.br\/site\/wp-json\/wp\/v2\/comments?post=252"}],"version-history":[{"count":31,"href":"https:\/\/corece.org.br\/site\/wp-json\/wp\/v2\/pages\/252\/revisions"}],"predecessor-version":[{"id":34295,"href":"https:\/\/corece.org.br\/site\/wp-json\/wp\/v2\/pages\/252\/revisions\/34295"}],"wp:attachment":[{"href":"https:\/\/corece.org.br\/site\/wp-json\/wp\/v2\/media?parent=252"}],"curies":[{"name":"wp","href":"https:\/\/api.w.org\/{rel}","templated":true}]}}