{"id":265,"date":"2024-02-20T13:30:55","date_gmt":"2024-02-20T13:30:55","guid":{"rendered":"https:\/\/corece.org.br\/site\/?page_id=265"},"modified":"2025-09-22T10:50:20","modified_gmt":"2025-09-22T13:50:20","slug":"formularios-de-indicacao","status":"publish","type":"page","link":"https:\/\/corece.org.br\/site\/formularios-de-indicacao\/","title":{"rendered":"Formul\u00e1rios de indica\u00e7\u00e3o 2025"},"content":{"rendered":"\t\t<div data-elementor-type=\"wp-page\" data-elementor-id=\"265\" class=\"elementor elementor-265\" data-elementor-post-type=\"page\">\n\t\t\t\t<div class=\"elementor-element elementor-element-c4f54ff e-flex e-con-boxed e-con e-parent\" data-id=\"c4f54ff\" data-element_type=\"container\" data-settings=\"{&quot;jet_parallax_layout_list&quot;:[]}\">\n\t\t\t\t\t<div class=\"e-con-inner\">\n\t\t\t\t<div class=\"elementor-element elementor-element-1de8708 elementor-widget elementor-widget-image\" data-id=\"1de8708\" data-element_type=\"widget\" data-widget_type=\"image.default\">\n\t\t\t\t<div class=\"elementor-widget-container\">\n\t\t\t<style>\/*! elementor - v3.21.0 - 08-05-2024 *\/\n.elementor-widget-image{text-align:center}.elementor-widget-image a{display:inline-block}.elementor-widget-image a img[src$=\".svg\"]{width:48px}.elementor-widget-image img{vertical-align:middle;display:inline-block}<\/style>\t\t\t\t\t\t\t\t\t\t<img fetchpriority=\"high\" decoding=\"async\" width=\"2560\" height=\"642\" src=\"https:\/\/corece.org.br\/site\/wp-content\/uploads\/2025\/09\/HONRA-AO-MERITO-BANNERS_Prancheta-1-scaled.jpg\" class=\"attachment-full size-full wp-image-34336\" alt=\"\" srcset=\"https:\/\/corece.org.br\/site\/wp-content\/uploads\/2025\/09\/HONRA-AO-MERITO-BANNERS_Prancheta-1-scaled.jpg 2560w, https:\/\/corece.org.br\/site\/wp-content\/uploads\/2025\/09\/HONRA-AO-MERITO-BANNERS_Prancheta-1-300x75.jpg 300w, https:\/\/corece.org.br\/site\/wp-content\/uploads\/2025\/09\/HONRA-AO-MERITO-BANNERS_Prancheta-1-1024x257.jpg 1024w, https:\/\/corece.org.br\/site\/wp-content\/uploads\/2025\/09\/HONRA-AO-MERITO-BANNERS_Prancheta-1-768x192.jpg 768w, https:\/\/corece.org.br\/site\/wp-content\/uploads\/2025\/09\/HONRA-AO-MERITO-BANNERS_Prancheta-1-1536x385.jpg 1536w, https:\/\/corece.org.br\/site\/wp-content\/uploads\/2025\/09\/HONRA-AO-MERITO-BANNERS_Prancheta-1-2048x513.jpg 2048w\" sizes=\"(max-width: 2560px) 100vw, 2560px\" \/>\t\t\t\t\t\t\t\t\t\t\t\t\t<\/div>\n\t\t\t\t<\/div>\n\t\t\t\t<div class=\"elementor-element elementor-element-d7cb106 elementor-widget-divider--view-line elementor-widget elementor-widget-divider\" data-id=\"d7cb106\" data-element_type=\"widget\" data-widget_type=\"divider.default\">\n\t\t\t\t<div class=\"elementor-widget-container\">\n\t\t\t<style>\/*! elementor - v3.21.0 - 08-05-2024 *\/\n.elementor-widget-divider{--divider-border-style:none;--divider-border-width:1px;--divider-color:#0c0d0e;--divider-icon-size:20px;--divider-element-spacing:10px;--divider-pattern-height:24px;--divider-pattern-size:20px;--divider-pattern-url:none;--divider-pattern-repeat:repeat-x}.elementor-widget-divider .elementor-divider{display:flex}.elementor-widget-divider .elementor-divider__text{font-size:15px;line-height:1;max-width:95%}.elementor-widget-divider .elementor-divider__element{margin:0 var(--divider-element-spacing);flex-shrink:0}.elementor-widget-divider .elementor-icon{font-size:var(--divider-icon-size)}.elementor-widget-divider .elementor-divider-separator{display:flex;margin:0;direction:ltr}.elementor-widget-divider--view-line_icon .elementor-divider-separator,.elementor-widget-divider--view-line_text .elementor-divider-separator{align-items:center}.elementor-widget-divider--view-line_icon .elementor-divider-separator:after,.elementor-widget-divider--view-line_icon .elementor-divider-separator:before,.elementor-widget-divider--view-line_text .elementor-divider-separator:after,.elementor-widget-divider--view-line_text .elementor-divider-separator:before{display:block;content:\"\";border-block-end:0;flex-grow:1;border-block-start:var(--divider-border-width) var(--divider-border-style) var(--divider-color)}.elementor-widget-divider--element-align-left .elementor-divider .elementor-divider-separator>.elementor-divider__svg:first-of-type{flex-grow:0;flex-shrink:100}.elementor-widget-divider--element-align-left .elementor-divider-separator:before{content:none}.elementor-widget-divider--element-align-left .elementor-divider__element{margin-left:0}.elementor-widget-divider--element-align-right .elementor-divider .elementor-divider-separator>.elementor-divider__svg:last-of-type{flex-grow:0;flex-shrink:100}.elementor-widget-divider--element-align-right .elementor-divider-separator:after{content:none}.elementor-widget-divider--element-align-right .elementor-divider__element{margin-right:0}.elementor-widget-divider--element-align-start .elementor-divider .elementor-divider-separator>.elementor-divider__svg:first-of-type{flex-grow:0;flex-shrink:100}.elementor-widget-divider--element-align-start .elementor-divider-separator:before{content:none}.elementor-widget-divider--element-align-start .elementor-divider__element{margin-inline-start:0}.elementor-widget-divider--element-align-end .elementor-divider .elementor-divider-separator>.elementor-divider__svg:last-of-type{flex-grow:0;flex-shrink:100}.elementor-widget-divider--element-align-end .elementor-divider-separator:after{content:none}.elementor-widget-divider--element-align-end .elementor-divider__element{margin-inline-end:0}.elementor-widget-divider:not(.elementor-widget-divider--view-line_text):not(.elementor-widget-divider--view-line_icon) .elementor-divider-separator{border-block-start:var(--divider-border-width) var(--divider-border-style) var(--divider-color)}.elementor-widget-divider--separator-type-pattern{--divider-border-style:none}.elementor-widget-divider--separator-type-pattern.elementor-widget-divider--view-line .elementor-divider-separator,.elementor-widget-divider--separator-type-pattern:not(.elementor-widget-divider--view-line) .elementor-divider-separator:after,.elementor-widget-divider--separator-type-pattern:not(.elementor-widget-divider--view-line) .elementor-divider-separator:before,.elementor-widget-divider--separator-type-pattern:not([class*=elementor-widget-divider--view]) .elementor-divider-separator{width:100%;min-height:var(--divider-pattern-height);-webkit-mask-size:var(--divider-pattern-size) 100%;mask-size:var(--divider-pattern-size) 100%;-webkit-mask-repeat:var(--divider-pattern-repeat);mask-repeat:var(--divider-pattern-repeat);background-color:var(--divider-color);-webkit-mask-image:var(--divider-pattern-url);mask-image:var(--divider-pattern-url)}.elementor-widget-divider--no-spacing{--divider-pattern-size:auto}.elementor-widget-divider--bg-round{--divider-pattern-repeat:round}.rtl .elementor-widget-divider .elementor-divider__text{direction:rtl}.e-con-inner>.elementor-widget-divider,.e-con>.elementor-widget-divider{width:var(--container-widget-width,100%);--flex-grow:var(--container-widget-flex-grow)}<\/style>\t\t<div class=\"elementor-divider\">\n\t\t\t<span class=\"elementor-divider-separator\">\n\t\t\t\t\t\t<\/span>\n\t\t<\/div>\n\t\t\t\t<\/div>\n\t\t\t\t<\/div>\n\t\t\t\t<div class=\"elementor-element elementor-element-fe88c1f elementor-widget elementor-widget-image\" data-id=\"fe88c1f\" data-element_type=\"widget\" data-widget_type=\"image.default\">\n\t\t\t\t<div class=\"elementor-widget-container\">\n\t\t\t\t\t\t\t\t\t\t\t\t\t<img decoding=\"async\" width=\"768\" height=\"192\" src=\"https:\/\/corece.org.br\/site\/wp-content\/uploads\/2025\/09\/HONRA-AO-MERITO-BANNERS_Prancheta-1-copia-768x192.jpg\" class=\"attachment-medium_large size-medium_large wp-image-34341\" alt=\"\" srcset=\"https:\/\/corece.org.br\/site\/wp-content\/uploads\/2025\/09\/HONRA-AO-MERITO-BANNERS_Prancheta-1-copia-768x192.jpg 768w, https:\/\/corece.org.br\/site\/wp-content\/uploads\/2025\/09\/HONRA-AO-MERITO-BANNERS_Prancheta-1-copia-300x75.jpg 300w, https:\/\/corece.org.br\/site\/wp-content\/uploads\/2025\/09\/HONRA-AO-MERITO-BANNERS_Prancheta-1-copia-1024x257.jpg 1024w, https:\/\/corece.org.br\/site\/wp-content\/uploads\/2025\/09\/HONRA-AO-MERITO-BANNERS_Prancheta-1-copia-1536x385.jpg 1536w, https:\/\/corece.org.br\/site\/wp-content\/uploads\/2025\/09\/HONRA-AO-MERITO-BANNERS_Prancheta-1-copia-2048x513.jpg 2048w\" sizes=\"(max-width: 768px) 100vw, 768px\" \/>\t\t\t\t\t\t\t\t\t\t\t\t\t<\/div>\n\t\t\t\t<\/div>\n\t\t\t\t<div class=\"elementor-element elementor-element-767bb75 elementor-widget elementor-widget-text-editor\" data-id=\"767bb75\" data-element_type=\"widget\" data-widget_type=\"text-editor.default\">\n\t\t\t\t<div class=\"elementor-widget-container\">\n\t\t\t<style>\/*! elementor - v3.21.0 - 08-05-2024 *\/\n.elementor-widget-text-editor.elementor-drop-cap-view-stacked .elementor-drop-cap{background-color:#69727d;color:#fff}.elementor-widget-text-editor.elementor-drop-cap-view-framed .elementor-drop-cap{color:#69727d;border:3px solid;background-color:transparent}.elementor-widget-text-editor:not(.elementor-drop-cap-view-default) .elementor-drop-cap{margin-top:8px}.elementor-widget-text-editor:not(.elementor-drop-cap-view-default) .elementor-drop-cap-letter{width:1em;height:1em}.elementor-widget-text-editor .elementor-drop-cap{float:left;text-align:center;line-height:1;font-size:50px}.elementor-widget-text-editor .elementor-drop-cap-letter{display:inline-block}<\/style>\t\t\t\t<p><b>Diploma de Honra \u2013 Contribui\u00e7\u00e3o Profissional<br \/><\/b>O <b>Diploma de Honra<\/b> \u00e9 uma premia\u00e7\u00e3o concedida pelo Core-CE, <b>uma \u00fanica vez<\/b>, para reconhecer a excel\u00eancia e o destaque de Representantes Comerciais, sejam pessoas f\u00edsicas ou jur\u00eddicas. Este pr\u00eamio celebra aqueles que, com not\u00e1vel dedica\u00e7\u00e3o e desempenho, contribu\u00edram significativamente para a profiss\u00e3o.<br \/><br \/><b>Categoria Profissional<\/b><br \/>O diploma \u00e9 destinado a profissionais que se destacaram no exerc\u00edcio da representa\u00e7\u00e3o comercial. Para ser eleg\u00edvel, o candidato deve ter <b>mais de 10 anos de registro ininterrupto<\/b> no Core-CE.<br \/><br \/><b>Observa\u00e7\u00e3o: <\/b>Quando a homenagem for para uma empresa, a honraria ser\u00e1 entregue ao s\u00f3cio respons\u00e1vel ou a uma pessoa por ela indicada.<\/p>\t\t\t\t\t\t<\/div>\n\t\t\t\t<\/div>\n\t\t\t\t<div class=\"elementor-element elementor-element-c67c678 elementor-align-center elementor-widget elementor-widget-button\" data-id=\"c67c678\" data-element_type=\"widget\" data-widget_type=\"button.default\">\n\t\t\t\t<div class=\"elementor-widget-container\">\n\t\t\t\t\t<div class=\"elementor-button-wrapper\">\n\t\t\t<a class=\"elementor-button elementor-button-link elementor-size-sm\" href=\"https:\/\/forms.gle\/DDuCSQUKys7BpDnk8\" target=\"_blank\" rel=\"noopener\">\n\t\t\t\t\t\t<span class=\"elementor-button-content-wrapper\">\n\t\t\t\t\t\t\t\t\t<span class=\"elementor-button-text\">Formul\u00e1rio de Indica\u00e7\u00e3o - Diploma de Honra<\/span>\n\t\t\t\t\t<\/span>\n\t\t\t\t\t<\/a>\n\t\t<\/div>\n\t\t\t\t<\/div>\n\t\t\t\t<\/div>\n\t\t\t\t<div class=\"elementor-element elementor-element-de11222 elementor-widget-divider--view-line elementor-widget elementor-widget-divider\" data-id=\"de11222\" data-element_type=\"widget\" data-widget_type=\"divider.default\">\n\t\t\t\t<div class=\"elementor-widget-container\">\n\t\t\t\t\t<div class=\"elementor-divider\">\n\t\t\t<span class=\"elementor-divider-separator\">\n\t\t\t\t\t\t<\/span>\n\t\t<\/div>\n\t\t\t\t<\/div>\n\t\t\t\t<\/div>\n\t\t\t\t<div class=\"elementor-element elementor-element-51cad65 elementor-widget elementor-widget-image\" data-id=\"51cad65\" data-element_type=\"widget\" data-widget_type=\"image.default\">\n\t\t\t\t<div class=\"elementor-widget-container\">\n\t\t\t\t\t\t\t\t\t\t\t\t\t<img decoding=\"async\" width=\"768\" height=\"192\" src=\"https:\/\/corece.org.br\/site\/wp-content\/uploads\/2025\/09\/HONRA-AO-MERITO-BANNERS_Prancheta-1-copia-2-768x192.jpg\" class=\"attachment-medium_large size-medium_large wp-image-34338\" alt=\"\" srcset=\"https:\/\/corece.org.br\/site\/wp-content\/uploads\/2025\/09\/HONRA-AO-MERITO-BANNERS_Prancheta-1-copia-2-768x192.jpg 768w, https:\/\/corece.org.br\/site\/wp-content\/uploads\/2025\/09\/HONRA-AO-MERITO-BANNERS_Prancheta-1-copia-2-300x75.jpg 300w, https:\/\/corece.org.br\/site\/wp-content\/uploads\/2025\/09\/HONRA-AO-MERITO-BANNERS_Prancheta-1-copia-2-1024x257.jpg 1024w, https:\/\/corece.org.br\/site\/wp-content\/uploads\/2025\/09\/HONRA-AO-MERITO-BANNERS_Prancheta-1-copia-2-1536x385.jpg 1536w, https:\/\/corece.org.br\/site\/wp-content\/uploads\/2025\/09\/HONRA-AO-MERITO-BANNERS_Prancheta-1-copia-2-2048x513.jpg 2048w\" sizes=\"(max-width: 768px) 100vw, 768px\" \/>\t\t\t\t\t\t\t\t\t\t\t\t\t<\/div>\n\t\t\t\t<\/div>\n\t\t\t\t\t<\/div>\n\t\t\t\t<\/div>\n\t\t<div class=\"elementor-element elementor-element-97f35f3 e-flex e-con-boxed e-con e-parent\" data-id=\"97f35f3\" data-element_type=\"container\" data-settings=\"{&quot;jet_parallax_layout_list&quot;:[]}\">\n\t\t\t\t\t<div class=\"e-con-inner\">\n\t\t\t\t<div class=\"elementor-element elementor-element-ac866e5 elementor-widget elementor-widget-text-editor\" data-id=\"ac866e5\" data-element_type=\"widget\" data-widget_type=\"text-editor.default\">\n\t\t\t\t<div class=\"elementor-widget-container\">\n\t\t\t\t\t\t\t<h5><strong>Medalha de Honra \u2013 Merc\u00fario<\/strong><\/h5><p>A<b> Medalha de Honra &#8211; Merc\u00fario<\/b> \u00e9 uma distin\u00e7\u00e3o especial concedida pelo Core-CE para reconhecer contribui\u00e7\u00f5es profissionais significativas. Este pr\u00eamio celebra aqueles que, com destaque e excel\u00eancia, contribu\u00edram para a valoriza\u00e7\u00e3o da profiss\u00e3o de Representante Comercial.<br \/><br \/><b>Crit\u00e9rios de Concess\u00e3o<\/b><\/p><ol><li>Destinada a Representantes Comerciais, sejam pessoas f\u00edsicas ou jur\u00eddicas, que tenham se destacado no exerc\u00edcio da profiss\u00e3o.<\/li><li>\u00c9 concedida <b>uma \u00fanica vez <\/b>ao mesmo agraciado.<\/li><li>O profissional indicado deve ter mais de <b>20 anos de registro ininterrupto<\/b> no Core-CE.<\/li><\/ol><p><br \/><b>Observa\u00e7\u00e3o:<\/b> Quando a homenagem for para uma empresa, a medalha ser\u00e1 entregue ao s\u00f3cio respons\u00e1vel ou a uma pessoa por ela indicada.<\/p>\t\t\t\t\t\t<\/div>\n\t\t\t\t<\/div>\n\t\t\t\t<div class=\"elementor-element elementor-element-70d65dc elementor-align-center elementor-widget elementor-widget-button\" data-id=\"70d65dc\" data-element_type=\"widget\" data-widget_type=\"button.default\">\n\t\t\t\t<div class=\"elementor-widget-container\">\n\t\t\t\t\t<div class=\"elementor-button-wrapper\">\n\t\t\t<a class=\"elementor-button elementor-button-link elementor-size-sm\" href=\"https:\/\/forms.gle\/rGegy4LHQPwb4C7N6\" target=\"_blank\" rel=\"noopener\">\n\t\t\t\t\t\t<span class=\"elementor-button-content-wrapper\">\n\t\t\t\t\t\t\t\t\t<span class=\"elementor-button-text\">Formul\u00e1rio de Indica\u00e7\u00e3o - Medalha de Honra - Merc\u00fario<\/span>\n\t\t\t\t\t<\/span>\n\t\t\t\t\t<\/a>\n\t\t<\/div>\n\t\t\t\t<\/div>\n\t\t\t\t<\/div>\n\t\t\t\t<div class=\"elementor-element elementor-element-8d3cb4a elementor-widget-divider--view-line elementor-widget elementor-widget-divider\" data-id=\"8d3cb4a\" data-element_type=\"widget\" data-widget_type=\"divider.default\">\n\t\t\t\t<div class=\"elementor-widget-container\">\n\t\t\t\t\t<div class=\"elementor-divider\">\n\t\t\t<span class=\"elementor-divider-separator\">\n\t\t\t\t\t\t<\/span>\n\t\t<\/div>\n\t\t\t\t<\/div>\n\t\t\t\t<\/div>\n\t\t\t\t<div class=\"elementor-element elementor-element-0822334 elementor-widget elementor-widget-image\" data-id=\"0822334\" data-element_type=\"widget\" data-widget_type=\"image.default\">\n\t\t\t\t<div class=\"elementor-widget-container\">\n\t\t\t\t\t\t\t\t\t\t\t\t\t<img loading=\"lazy\" decoding=\"async\" width=\"768\" height=\"192\" src=\"https:\/\/corece.org.br\/site\/wp-content\/uploads\/2025\/09\/HONRA-AO-MERITO-BANNERS_Prancheta-1-copia-3-768x192.jpg\" class=\"attachment-medium_large size-medium_large wp-image-34339\" alt=\"\" srcset=\"https:\/\/corece.org.br\/site\/wp-content\/uploads\/2025\/09\/HONRA-AO-MERITO-BANNERS_Prancheta-1-copia-3-768x192.jpg 768w, https:\/\/corece.org.br\/site\/wp-content\/uploads\/2025\/09\/HONRA-AO-MERITO-BANNERS_Prancheta-1-copia-3-300x75.jpg 300w, https:\/\/corece.org.br\/site\/wp-content\/uploads\/2025\/09\/HONRA-AO-MERITO-BANNERS_Prancheta-1-copia-3-1024x257.jpg 1024w, https:\/\/corece.org.br\/site\/wp-content\/uploads\/2025\/09\/HONRA-AO-MERITO-BANNERS_Prancheta-1-copia-3-1536x385.jpg 1536w, https:\/\/corece.org.br\/site\/wp-content\/uploads\/2025\/09\/HONRA-AO-MERITO-BANNERS_Prancheta-1-copia-3-2048x513.jpg 2048w\" sizes=\"(max-width: 768px) 100vw, 768px\" \/>\t\t\t\t\t\t\t\t\t\t\t\t\t<\/div>\n\t\t\t\t<\/div>\n\t\t\t\t\t<\/div>\n\t\t\t\t<\/div>\n\t\t<div class=\"elementor-element elementor-element-068f41e e-flex e-con-boxed e-con e-parent\" data-id=\"068f41e\" data-element_type=\"container\" data-settings=\"{&quot;jet_parallax_layout_list&quot;:[]}\">\n\t\t\t\t\t<div class=\"e-con-inner\">\n\t\t\t\t<div class=\"elementor-element elementor-element-9850e46 elementor-widget elementor-widget-text-editor\" data-id=\"9850e46\" data-element_type=\"widget\" data-widget_type=\"text-editor.default\">\n\t\t\t\t<div class=\"elementor-widget-container\">\n\t\t\t\t\t\t\t<p><b>Trof\u00e9u de Honra \u2013 Mascate<\/b><\/p><p>O <b>Trof\u00e9u de Honra &#8211; Mascate <\/b>\u00e9 a mais alta honraria concedida pelo Core-CE. O pr\u00eamio reconhece a longa e dedicada contribui\u00e7\u00e3o \u00e0 profiss\u00e3o de Representante Comercial, celebrando o compromisso e a excel\u00eancia de profissionais que desempenham um papel fundamental no desenvolvimento da \u00e1rea.<br \/><b><br \/>Crit\u00e9rios de Concess\u00e3o:<\/b><br \/>O trof\u00e9u \u00e9 concedido, <b>uma \u00fanica vez<\/b>, a Representantes Comerciais, sejam pessoas f\u00edsicas ou jur\u00eddicas, que tenham contribu\u00eddo de forma ininterrupta para a profiss\u00e3o por mais de 30 anos.<br \/><b><br \/>Observa\u00e7\u00f5es Importantes:<\/b><br \/>No caso de empresas, o trof\u00e9u ser\u00e1 entregue ao s\u00f3cio respons\u00e1vel ou a uma pessoa indicada pela pr\u00f3pria empresa.<\/p>\t\t\t\t\t\t<\/div>\n\t\t\t\t<\/div>\n\t\t\t\t<div class=\"elementor-element elementor-element-ed5e10b elementor-align-center elementor-widget elementor-widget-button\" data-id=\"ed5e10b\" data-element_type=\"widget\" data-widget_type=\"button.default\">\n\t\t\t\t<div class=\"elementor-widget-container\">\n\t\t\t\t\t<div class=\"elementor-button-wrapper\">\n\t\t\t<a class=\"elementor-button elementor-button-link elementor-size-sm\" href=\"https:\/\/forms.gle\/VJDe9oHegokjTUSn7\" target=\"_blank\" rel=\"noopener\">\n\t\t\t\t\t\t<span class=\"elementor-button-content-wrapper\">\n\t\t\t\t\t\t\t\t\t<span class=\"elementor-button-text\">Formul\u00e1rio de Indica\u00e7\u00e3o - Trof\u00e9u O Mascate<\/span>\n\t\t\t\t\t<\/span>\n\t\t\t\t\t<\/a>\n\t\t<\/div>\n\t\t\t\t<\/div>\n\t\t\t\t<\/div>\n\t\t\t\t<div class=\"elementor-element elementor-element-0536700 elementor-widget-divider--view-line elementor-widget elementor-widget-divider\" data-id=\"0536700\" data-element_type=\"widget\" data-widget_type=\"divider.default\">\n\t\t\t\t<div class=\"elementor-widget-container\">\n\t\t\t\t\t<div class=\"elementor-divider\">\n\t\t\t<span class=\"elementor-divider-separator\">\n\t\t\t\t\t\t<\/span>\n\t\t<\/div>\n\t\t\t\t<\/div>\n\t\t\t\t<\/div>\n\t\t\t\t<div class=\"elementor-element elementor-element-6ef2d30 elementor-widget elementor-widget-image\" data-id=\"6ef2d30\" data-element_type=\"widget\" data-widget_type=\"image.default\">\n\t\t\t\t<div class=\"elementor-widget-container\">\n\t\t\t\t\t\t\t\t\t\t\t\t\t<img loading=\"lazy\" decoding=\"async\" width=\"768\" height=\"193\" src=\"https:\/\/corece.org.br\/site\/wp-content\/uploads\/2025\/09\/HONRA-AO-MERITO-BANNERS_Prancheta-1-copia-4-768x193.jpg\" class=\"attachment-medium_large size-medium_large wp-image-34340\" alt=\"\" srcset=\"https:\/\/corece.org.br\/site\/wp-content\/uploads\/2025\/09\/HONRA-AO-MERITO-BANNERS_Prancheta-1-copia-4-768x193.jpg 768w, https:\/\/corece.org.br\/site\/wp-content\/uploads\/2025\/09\/HONRA-AO-MERITO-BANNERS_Prancheta-1-copia-4-300x75.jpg 300w, https:\/\/corece.org.br\/site\/wp-content\/uploads\/2025\/09\/HONRA-AO-MERITO-BANNERS_Prancheta-1-copia-4-1024x257.jpg 1024w, https:\/\/corece.org.br\/site\/wp-content\/uploads\/2025\/09\/HONRA-AO-MERITO-BANNERS_Prancheta-1-copia-4-1536x385.jpg 1536w, https:\/\/corece.org.br\/site\/wp-content\/uploads\/2025\/09\/HONRA-AO-MERITO-BANNERS_Prancheta-1-copia-4-2048x514.jpg 2048w\" sizes=\"(max-width: 768px) 100vw, 768px\" \/>\t\t\t\t\t\t\t\t\t\t\t\t\t<\/div>\n\t\t\t\t<\/div>\n\t\t\t\t\t<\/div>\n\t\t\t\t<\/div>\n\t\t<div class=\"elementor-element elementor-element-f4d9998 e-flex e-con-boxed e-con e-parent\" data-id=\"f4d9998\" data-element_type=\"container\" data-settings=\"{&quot;jet_parallax_layout_list&quot;:[]}\">\n\t\t\t\t\t<div class=\"e-con-inner\">\n\t\t\t\t<div class=\"elementor-element elementor-element-10c0c4d elementor-widget elementor-widget-text-editor\" data-id=\"10c0c4d\" data-element_type=\"widget\" data-widget_type=\"text-editor.default\">\n\t\t\t\t<div class=\"elementor-widget-container\">\n\t\t\t\t\t\t\t<h5><b>Trof\u00e9u de Honra Jos\u00e9 Leite Martins \u2013 Representante Padr\u00e3o<\/b><\/h5><p>O<b> Trof\u00e9u de Honra Jos\u00e9 Leite Martins \u2013 Representante Padr\u00e3o<\/b> \u00e9 uma distin\u00e7\u00e3o concedida pelo Core-CE para reconhecer e valorizar os Representantes Comerciais que se destacam na profiss\u00e3o. O pr\u00eamio \u00e9 outorgado a profissionais que, com seu trabalho e conduta, contribuem significativamente para a valoriza\u00e7\u00e3o e o respeito \u00e0 representa\u00e7\u00e3o comercial.<br \/><br \/><b>Crit\u00e9rios de Concess\u00e3o<\/b><br \/>Para ser eleg\u00edvel ao trof\u00e9u, o indicado deve atender aos seguintes requisitos, conforme as categorias estabelecidas:<br \/><br \/><b>Para Representantes Comerciais (Pessoas F\u00edsicas e Jur\u00eddicas):<\/b><\/p><ol><li>Ter se destacado pela valoriza\u00e7\u00e3o profissional, agindo com tratamento respeitoso e em conformidade com a Lei n\u00ba 4.886\/65 e o C\u00f3digo de Conduta Profissional dos Representantes Comerciais.<\/li><li>Estar no exerc\u00edcio da profiss\u00e3o por pelo menos 10 anos no Estado do Cear\u00e1.<\/li><li>Possuir registro ativo e regular no Core-CE.<\/li><\/ol><p><br \/><b>Para Empresas:<\/b><br \/>A empresa ser\u00e1 homenageada na pessoa de seu s\u00f3cio respons\u00e1vel ou de um representante por ela indicado.<br \/><br \/><b>Informa\u00e7\u00f5es Adicionais<\/b><br \/>\u00c9 importante notar que o <b>Trof\u00e9u de Honra Jos\u00e9 Leite Martins<\/b> pode ser <b>concedido ao mesmo agraciado apenas uma vez a cada 5 anos<\/b>, de acordo com a campanha de vota\u00e7\u00e3o.<\/p>\t\t\t\t\t\t<\/div>\n\t\t\t\t<\/div>\n\t\t\t\t<div class=\"elementor-element elementor-element-c4ae0fd elementor-align-center elementor-widget elementor-widget-button\" data-id=\"c4ae0fd\" data-element_type=\"widget\" data-widget_type=\"button.default\">\n\t\t\t\t<div class=\"elementor-widget-container\">\n\t\t\t\t\t<div class=\"elementor-button-wrapper\">\n\t\t\t<a class=\"elementor-button elementor-button-link elementor-size-sm\" href=\"https:\/\/forms.gle\/arDQbJr4Ghbj6j2v8\" target=\"_blank\" rel=\"noopener\">\n\t\t\t\t\t\t<span class=\"elementor-button-content-wrapper\">\n\t\t\t\t\t\t\t\t\t<span class=\"elementor-button-text\">Formul\u00e1rio de Indica\u00e7\u00e3o - Trof\u00e9u Jos\u00e9 Leite Martins <\/span>\n\t\t\t\t\t<\/span>\n\t\t\t\t\t<\/a>\n\t\t<\/div>\n\t\t\t\t<\/div>\n\t\t\t\t<\/div>\n\t\t\t\t\t<\/div>\n\t\t\t\t<\/div>\n\t\t\t\t<\/div>\n\t\t","protected":false},"excerpt":{"rendered":"<p>Diploma de Honra \u2013 Contribui\u00e7\u00e3o ProfissionalO Diploma de Honra \u00e9 uma premia\u00e7\u00e3o concedida pelo Core-CE, uma \u00fanica vez, para reconhecer a excel\u00eancia e o destaque de Representantes Comerciais, sejam pessoas f\u00edsicas ou jur\u00eddicas. Este pr\u00eamio celebra aqueles que, com not\u00e1vel dedica\u00e7\u00e3o e desempenho, contribu\u00edram significativamente para a profiss\u00e3o. Categoria ProfissionalO diploma \u00e9 destinado a profissionais [&hellip;]<\/p>\n","protected":false},"author":1,"featured_media":34336,"parent":0,"menu_order":0,"comment_status":"closed","ping_status":"closed","template":"","meta":{"footnotes":""},"class_list":["post-265","page","type-page","status-publish","has-post-thumbnail","hentry"],"_links":{"self":[{"href":"https:\/\/corece.org.br\/site\/wp-json\/wp\/v2\/pages\/265","targetHints":{"allow":["GET"]}}],"collection":[{"href":"https:\/\/corece.org.br\/site\/wp-json\/wp\/v2\/pages"}],"about":[{"href":"https:\/\/corece.org.br\/site\/wp-json\/wp\/v2\/types\/page"}],"author":[{"embeddable":true,"href":"https:\/\/corece.org.br\/site\/wp-json\/wp\/v2\/users\/1"}],"replies":[{"embeddable":true,"href":"https:\/\/corece.org.br\/site\/wp-json\/wp\/v2\/comments?post=265"}],"version-history":[{"count":49,"href":"https:\/\/corece.org.br\/site\/wp-json\/wp\/v2\/pages\/265\/revisions"}],"predecessor-version":[{"id":34360,"href":"https:\/\/corece.org.br\/site\/wp-json\/wp\/v2\/pages\/265\/revisions\/34360"}],"wp:featuredmedia":[{"embeddable":true,"href":"https:\/\/corece.org.br\/site\/wp-json\/wp\/v2\/media\/34336"}],"wp:attachment":[{"href":"https:\/\/corece.org.br\/site\/wp-json\/wp\/v2\/media?parent=265"}],"curies":[{"name":"wp","href":"https:\/\/api.w.org\/{rel}","templated":true}]}}