{"id":266,"date":"2024-02-20T13:30:55","date_gmt":"2024-02-20T13:30:55","guid":{"rendered":"https:\/\/corece.org.br\/site\/?page_id=266"},"modified":"2025-09-22T13:22:12","modified_gmt":"2025-09-22T16:22:12","slug":"regulamento-honra-ao-merito-da-representacao-comercial","status":"publish","type":"page","link":"https:\/\/corece.org.br\/site\/regulamento-honra-ao-merito-da-representacao-comercial\/","title":{"rendered":"Regulamento \u2013 Honra ao M\u00e9rito da Representa\u00e7\u00e3o Comercial"},"content":{"rendered":"\t\t<div data-elementor-type=\"wp-page\" data-elementor-id=\"266\" class=\"elementor elementor-266\" data-elementor-post-type=\"page\">\n\t\t\t\t<div class=\"elementor-element elementor-element-a10eff9 e-flex e-con-boxed e-con e-parent\" data-id=\"a10eff9\" data-element_type=\"container\" data-settings=\"{&quot;jet_parallax_layout_list&quot;:[]}\">\n\t\t\t\t\t<div class=\"e-con-inner\">\n\t\t\t\t<div class=\"elementor-element elementor-element-839b80c elementor-widget elementor-widget-heading\" data-id=\"839b80c\" data-element_type=\"widget\" data-widget_type=\"heading.default\">\n\t\t\t\t<div class=\"elementor-widget-container\">\n\t\t\t<style>\/*! elementor - v3.21.0 - 08-05-2024 *\/\n.elementor-heading-title{padding:0;margin:0;line-height:1}.elementor-widget-heading .elementor-heading-title[class*=elementor-size-]>a{color:inherit;font-size:inherit;line-height:inherit}.elementor-widget-heading .elementor-heading-title.elementor-size-small{font-size:15px}.elementor-widget-heading .elementor-heading-title.elementor-size-medium{font-size:19px}.elementor-widget-heading .elementor-heading-title.elementor-size-large{font-size:29px}.elementor-widget-heading .elementor-heading-title.elementor-size-xl{font-size:39px}.elementor-widget-heading .elementor-heading-title.elementor-size-xxl{font-size:59px}<\/style><h2 class=\"elementor-heading-title elementor-size-default\">REGULAMENTO \u2013 HONRA AO M\u00c9RITO DA REPRESENTA\u00c7\u00c3O COMERCIAL<\/h2>\t\t<\/div>\n\t\t\t\t<\/div>\n\t\t\t\t<div class=\"elementor-element elementor-element-9c1c96d elementor-widget elementor-widget-text-editor\" data-id=\"9c1c96d\" data-element_type=\"widget\" data-widget_type=\"text-editor.default\">\n\t\t\t\t<div class=\"elementor-widget-container\">\n\t\t\t<style>\/*! elementor - v3.21.0 - 08-05-2024 *\/\n.elementor-widget-text-editor.elementor-drop-cap-view-stacked .elementor-drop-cap{background-color:#69727d;color:#fff}.elementor-widget-text-editor.elementor-drop-cap-view-framed .elementor-drop-cap{color:#69727d;border:3px solid;background-color:transparent}.elementor-widget-text-editor:not(.elementor-drop-cap-view-default) .elementor-drop-cap{margin-top:8px}.elementor-widget-text-editor:not(.elementor-drop-cap-view-default) .elementor-drop-cap-letter{width:1em;height:1em}.elementor-widget-text-editor .elementor-drop-cap{float:left;text-align:center;line-height:1;font-size:50px}.elementor-widget-text-editor .elementor-drop-cap-letter{display:inline-block}<\/style>\t\t\t\t<p>O Conselho Regional dos Representantes Comerciais no Estado do Cear\u00e1 (Core-CE) tem a honra de reconhecer, anualmente, os profissionais da representa\u00e7\u00e3o comercial, bem como as personalidades p\u00fablicas e empresariais que tenham feito contribui\u00e7\u00f5es significativas para o setor. As honrarias concedidas pelo Core-CE incluem:<\/p><ol><li><strong>Diploma de Honra;<\/strong><\/li><li><strong>Medalha de Honra \u2013 O Merc\u00fario;<\/strong><\/li><li><strong>Trof\u00e9u de Honra Jos\u00e9 Leite Martins \u2013 Representante Padr\u00e3o;<\/strong><\/li><li><strong>Trof\u00e9u de Honra \u2013 O Mascate<\/strong><\/li><\/ol><p>\u00a0<\/p><p>Essas distin\u00e7\u00f5es t\u00eam o objetivo de reconhecer e premiar aqueles que, direta ou indiretamente, se destacaram ou contribu\u00edram para o desenvolvimento e a moderniza\u00e7\u00e3o da representa\u00e7\u00e3o comercial no Estado do Cear\u00e1 e\/ou para o Core-CE.<\/p><p>Para acessar o regulamento completo, <a href=\"blob:https:\/\/core-ce.implanta.net.br\/7a8cc5a6-9d04-4208-8587-d3c5590a2a3d\"><strong>clique no link abaixo<\/strong><\/a>.<\/p>\t\t\t\t\t\t<\/div>\n\t\t\t\t<\/div>\n\t\t\t\t<div class=\"elementor-element elementor-element-d23d2fc elementor-widget elementor-widget-jet-button\" data-id=\"d23d2fc\" data-element_type=\"widget\" data-widget_type=\"jet-button.default\">\n\t\t\t\t<div class=\"elementor-widget-container\">\n\t\t\t<div class=\"elementor-jet-button jet-elements\"><div class=\"jet-button__container\">\n\t<a class=\"jet-button__instance jet-button__instance--icon- hover-effect-1\" href=\"https:\/\/corece.org.br\/site\/wp-content\/uploads\/2025\/09\/de8640ce-73f0-4fb0-971f-751edb42c736.pdf\" target=\"_blank\">\n\t\t<div class=\"jet-button__plane jet-button__plane-normal\"><\/div>\n\t\t<div class=\"jet-button__plane jet-button__plane-hover\"><\/div>\n\t\t<div class=\"jet-button__state jet-button__state-normal\">\n\t\t\t<span class=\"jet-button__label\">REGULAMENTO \u2013 HONRA AO M\u00c9RITO DA REPRESENTA\u00c7\u00c3O COMERCIAL 2025<\/span>\t\t<\/div>\n\t\t<div class=\"jet-button__state jet-button__state-hover\">\n\t\t\t<span class=\"jet-button__label\">BAIXAR<\/span>\t\t<\/div>\n\t<\/a>\n<\/div>\n<\/div>\t\t<\/div>\n\t\t\t\t<\/div>\n\t\t\t\t<div class=\"elementor-element elementor-element-a8b74ce elementor-widget elementor-widget-text-editor\" data-id=\"a8b74ce\" data-element_type=\"widget\" data-widget_type=\"text-editor.default\">\n\t\t\t\t<div class=\"elementor-widget-container\">\n\t\t\t\t\t\t\t<nav aria-label=\"breadcrumbs\" class=\"rank-math-breadcrumb\"><p><span class=\"last\">Home<\/span><\/p><\/nav>\t\t\t\t\t\t<\/div>\n\t\t\t\t<\/div>\n\t\t\t\t\t<\/div>\n\t\t\t\t<\/div>\n\t\t<div class=\"elementor-element elementor-element-9d46048 e-flex e-con-boxed e-con e-parent\" data-id=\"9d46048\" data-element_type=\"container\" data-settings=\"{&quot;jet_parallax_layout_list&quot;:[]}\">\n\t\t\t\t\t<div class=\"e-con-inner\">\n\t\t\t\t\t<\/div>\n\t\t\t\t<\/div>\n\t\t\t\t<\/div>\n\t\t","protected":false},"excerpt":{"rendered":"<p>REGULAMENTO \u2013 HONRA AO M\u00c9RITO DA REPRESENTA\u00c7\u00c3O COMERCIAL O Conselho Regional dos Representantes Comerciais no Estado do Cear\u00e1 (Core-CE) tem a honra de reconhecer, anualmente, os profissionais da representa\u00e7\u00e3o comercial, bem como as personalidades p\u00fablicas e empresariais que tenham feito contribui\u00e7\u00f5es significativas para o setor. As honrarias concedidas pelo Core-CE incluem: Diploma de Honra; Medalha [&hellip;]<\/p>\n","protected":false},"author":1,"featured_media":0,"parent":0,"menu_order":0,"comment_status":"closed","ping_status":"closed","template":"","meta":{"footnotes":""},"class_list":["post-266","page","type-page","status-publish","hentry"],"_links":{"self":[{"href":"https:\/\/corece.org.br\/site\/wp-json\/wp\/v2\/pages\/266","targetHints":{"allow":["GET"]}}],"collection":[{"href":"https:\/\/corece.org.br\/site\/wp-json\/wp\/v2\/pages"}],"about":[{"href":"https:\/\/corece.org.br\/site\/wp-json\/wp\/v2\/types\/page"}],"author":[{"embeddable":true,"href":"https:\/\/corece.org.br\/site\/wp-json\/wp\/v2\/users\/1"}],"replies":[{"embeddable":true,"href":"https:\/\/corece.org.br\/site\/wp-json\/wp\/v2\/comments?post=266"}],"version-history":[{"count":86,"href":"https:\/\/corece.org.br\/site\/wp-json\/wp\/v2\/pages\/266\/revisions"}],"predecessor-version":[{"id":34398,"href":"https:\/\/corece.org.br\/site\/wp-json\/wp\/v2\/pages\/266\/revisions\/34398"}],"wp:attachment":[{"href":"https:\/\/corece.org.br\/site\/wp-json\/wp\/v2\/media?parent=266"}],"curies":[{"name":"wp","href":"https:\/\/api.w.org\/{rel}","templated":true}]}}