{"id":313,"date":"2024-02-20T13:34:52","date_gmt":"2024-02-20T13:34:52","guid":{"rendered":"https:\/\/corece.org.br\/site\/?page_id=313"},"modified":"2024-02-27T16:57:21","modified_gmt":"2024-02-27T19:57:21","slug":"assessoria-de-comunicacao","status":"publish","type":"page","link":"https:\/\/corece.org.br\/site\/assessoria-de-comunicacao\/","title":{"rendered":"Assessoria de Comunica\u00e7\u00e3o"},"content":{"rendered":"\t\t<div data-elementor-type=\"wp-page\" data-elementor-id=\"313\" class=\"elementor elementor-313\" data-elementor-post-type=\"page\">\n\t\t\t\t<div class=\"elementor-element elementor-element-50be25e e-flex e-con-boxed e-con e-parent\" data-id=\"50be25e\" data-element_type=\"container\" data-settings=\"{&quot;jet_parallax_layout_list&quot;:[]}\">\n\t\t\t\t\t<div class=\"e-con-inner\">\n\t\t\t\t<div class=\"elementor-element elementor-element-66e5dbb elementor-widget elementor-widget-text-editor\" data-id=\"66e5dbb\" data-element_type=\"widget\" data-widget_type=\"text-editor.default\">\n\t\t\t\t<div class=\"elementor-widget-container\">\n\t\t\t<style>\/*! elementor - v3.21.0 - 08-05-2024 *\/\n.elementor-widget-text-editor.elementor-drop-cap-view-stacked .elementor-drop-cap{background-color:#69727d;color:#fff}.elementor-widget-text-editor.elementor-drop-cap-view-framed .elementor-drop-cap{color:#69727d;border:3px solid;background-color:transparent}.elementor-widget-text-editor:not(.elementor-drop-cap-view-default) .elementor-drop-cap{margin-top:8px}.elementor-widget-text-editor:not(.elementor-drop-cap-view-default) .elementor-drop-cap-letter{width:1em;height:1em}.elementor-widget-text-editor .elementor-drop-cap{float:left;text-align:center;line-height:1;font-size:50px}.elementor-widget-text-editor .elementor-drop-cap-letter{display:inline-block}<\/style>\t\t\t\t<nav aria-label=\"breadcrumbs\" class=\"rank-math-breadcrumb\"><p><span class=\"last\">Home<\/span><\/p><\/nav>\t\t\t\t\t\t<\/div>\n\t\t\t\t<\/div>\n\t\t\t\t<div class=\"elementor-element elementor-element-092ef89 elementor-widget elementor-widget-heading\" data-id=\"092ef89\" data-element_type=\"widget\" data-widget_type=\"heading.default\">\n\t\t\t\t<div class=\"elementor-widget-container\">\n\t\t\t<style>\/*! elementor - v3.21.0 - 08-05-2024 *\/\n.elementor-heading-title{padding:0;margin:0;line-height:1}.elementor-widget-heading .elementor-heading-title[class*=elementor-size-]>a{color:inherit;font-size:inherit;line-height:inherit}.elementor-widget-heading .elementor-heading-title.elementor-size-small{font-size:15px}.elementor-widget-heading .elementor-heading-title.elementor-size-medium{font-size:19px}.elementor-widget-heading .elementor-heading-title.elementor-size-large{font-size:29px}.elementor-widget-heading .elementor-heading-title.elementor-size-xl{font-size:39px}.elementor-widget-heading .elementor-heading-title.elementor-size-xxl{font-size:59px}<\/style><h2 class=\"elementor-heading-title elementor-size-default\">Assessoria de Comunica\u00e7\u00e3o\n<\/h2>\t\t<\/div>\n\t\t\t\t<\/div>\n\t\t\t\t<div class=\"elementor-element elementor-element-3253988 elementor-widget elementor-widget-text-editor\" data-id=\"3253988\" data-element_type=\"widget\" data-widget_type=\"text-editor.default\">\n\t\t\t\t<div class=\"elementor-widget-container\">\n\t\t\t\t\t\t\t<section id=\"post-22657\" class=\"main-section post-22657 page type-page status-publish hentry\"><div class=\"container mx-auto px-4 pt-6 pb-6\"><p>O papel da assessoria de comunica\u00e7\u00e3o do Core-CE \u00e9 buscar estrat\u00e9gias de comunica\u00e7\u00e3o para os representantes comerciais, mostrando de forma clara, objetiva e direta.<\/p><\/div><\/section><footer id=\"main-footer\" class=\"main-footer bg-blue-900 pb-10\"><div class=\"container mx-auto border-blue-600 border-t-8 pt-16 pb-12 px-4\"><div class=\"grid grid-cols-12 gap-4\"><div class=\"col-span-12 md:col-span-6\">\u00a0<\/div><\/div><\/div><\/footer>\t\t\t\t\t\t<\/div>\n\t\t\t\t<\/div>\n\t\t\t\t\t<\/div>\n\t\t\t\t<\/div>\n\t\t\t\t<\/div>\n\t\t","protected":false},"excerpt":{"rendered":"<p>Assessoria de Comunica\u00e7\u00e3o O papel da assessoria de comunica\u00e7\u00e3o do Core-CE \u00e9 buscar estrat\u00e9gias de comunica\u00e7\u00e3o para os representantes comerciais, mostrando de forma clara, objetiva e direta. \u00a0<\/p>\n","protected":false},"author":1,"featured_media":0,"parent":0,"menu_order":0,"comment_status":"closed","ping_status":"closed","template":"","meta":{"footnotes":""},"class_list":["post-313","page","type-page","status-publish","hentry"],"_links":{"self":[{"href":"https:\/\/corece.org.br\/site\/wp-json\/wp\/v2\/pages\/313","targetHints":{"allow":["GET"]}}],"collection":[{"href":"https:\/\/corece.org.br\/site\/wp-json\/wp\/v2\/pages"}],"about":[{"href":"https:\/\/corece.org.br\/site\/wp-json\/wp\/v2\/types\/page"}],"author":[{"embeddable":true,"href":"https:\/\/corece.org.br\/site\/wp-json\/wp\/v2\/users\/1"}],"replies":[{"embeddable":true,"href":"https:\/\/corece.org.br\/site\/wp-json\/wp\/v2\/comments?post=313"}],"version-history":[{"count":28,"href":"https:\/\/corece.org.br\/site\/wp-json\/wp\/v2\/pages\/313\/revisions"}],"predecessor-version":[{"id":1660,"href":"https:\/\/corece.org.br\/site\/wp-json\/wp\/v2\/pages\/313\/revisions\/1660"}],"wp:attachment":[{"href":"https:\/\/corece.org.br\/site\/wp-json\/wp\/v2\/media?parent=313"}],"curies":[{"name":"wp","href":"https:\/\/api.w.org\/{rel}","templated":true}]}}