{"id":55,"date":"2024-02-19T20:18:25","date_gmt":"2024-02-19T20:18:25","guid":{"rendered":"https:\/\/corece.org.br\/site\/?page_id=55"},"modified":"2024-04-01T16:32:39","modified_gmt":"2024-04-01T19:32:39","slug":"sobre-o-core-ce","status":"publish","type":"page","link":"https:\/\/corece.org.br\/site\/sobre-o-core-ce\/","title":{"rendered":"Sobre o Core-CE"},"content":{"rendered":"\t\t<div data-elementor-type=\"wp-page\" data-elementor-id=\"55\" class=\"elementor elementor-55\" data-elementor-post-type=\"page\">\n\t\t\t\t<div class=\"elementor-element elementor-element-bdcbaa9 e-flex e-con-boxed e-con e-parent\" data-id=\"bdcbaa9\" data-element_type=\"container\" data-settings=\"{&quot;jet_parallax_layout_list&quot;:[]}\">\n\t\t\t\t\t<div class=\"e-con-inner\">\n\t\t\t\t<div class=\"elementor-element elementor-element-31f0eaa elementor-widget elementor-widget-text-editor\" data-id=\"31f0eaa\" data-element_type=\"widget\" data-widget_type=\"text-editor.default\">\n\t\t\t\t<div class=\"elementor-widget-container\">\n\t\t\t<style>\/*! elementor - v3.21.0 - 08-05-2024 *\/\n.elementor-widget-text-editor.elementor-drop-cap-view-stacked .elementor-drop-cap{background-color:#69727d;color:#fff}.elementor-widget-text-editor.elementor-drop-cap-view-framed .elementor-drop-cap{color:#69727d;border:3px solid;background-color:transparent}.elementor-widget-text-editor:not(.elementor-drop-cap-view-default) .elementor-drop-cap{margin-top:8px}.elementor-widget-text-editor:not(.elementor-drop-cap-view-default) .elementor-drop-cap-letter{width:1em;height:1em}.elementor-widget-text-editor .elementor-drop-cap{float:left;text-align:center;line-height:1;font-size:50px}.elementor-widget-text-editor .elementor-drop-cap-letter{display:inline-block}<\/style>\t\t\t\t<nav aria-label=\"breadcrumbs\" class=\"rank-math-breadcrumb\"><p><span class=\"last\">Home<\/span><\/p><\/nav>\t\t\t\t\t\t<\/div>\n\t\t\t\t<\/div>\n\t\t\t\t<div class=\"elementor-element elementor-element-b9a75dd elementor-widget elementor-widget-heading\" data-id=\"b9a75dd\" data-element_type=\"widget\" data-widget_type=\"heading.default\">\n\t\t\t\t<div class=\"elementor-widget-container\">\n\t\t\t<style>\/*! elementor - v3.21.0 - 08-05-2024 *\/\n.elementor-heading-title{padding:0;margin:0;line-height:1}.elementor-widget-heading .elementor-heading-title[class*=elementor-size-]>a{color:inherit;font-size:inherit;line-height:inherit}.elementor-widget-heading .elementor-heading-title.elementor-size-small{font-size:15px}.elementor-widget-heading .elementor-heading-title.elementor-size-medium{font-size:19px}.elementor-widget-heading .elementor-heading-title.elementor-size-large{font-size:29px}.elementor-widget-heading .elementor-heading-title.elementor-size-xl{font-size:39px}.elementor-widget-heading .elementor-heading-title.elementor-size-xxl{font-size:59px}<\/style><h2 class=\"elementor-heading-title elementor-size-default\">Sobre o Core-CE\n<\/h2>\t\t<\/div>\n\t\t\t\t<\/div>\n\t\t\t\t<div class=\"elementor-element elementor-element-63b52a6 elementor-widget elementor-widget-text-editor\" data-id=\"63b52a6\" data-element_type=\"widget\" data-widget_type=\"text-editor.default\">\n\t\t\t\t<div class=\"elementor-widget-container\">\n\t\t\t\t\t\t\t<p>O Conselho Regional dos Representantes Comerciais no Estado do Cear\u00e1, conhecido pela sigla Core-CE foi fundado na cidade de Fortaleza, em 08 de fevereiro de 1966, a partir da Lei 4.886 de 09 de dezembro de 1965.<\/p><p>O Core-CE \u00e9 definido como uma Autarquia Federal dotada de direito p\u00fablico, com autonomia t\u00e9cnica, administrativa e financeira e n\u00e3o recebe nenhuma subven\u00e7\u00e3o do governo federal, tendo todo seu recurso alicer\u00e7ado nos tributos pagos pelos\u00a0<strong>representantes comerciais<\/strong>.<\/p><p>Objetivando a valoriza\u00e7\u00e3o da categoria, o Conselho de Fiscaliza\u00e7\u00e3o Profissional \u00e9 como um \u00f3rg\u00e3o consultivo, orientador, disciplinador e fiscalizador da profiss\u00e3o do representante comercial, e tem como finalidade realizar o registro profissional, fiscalizar e legalizar o exerc\u00edcio da atividade da representa\u00e7\u00e3o comercial, zelando pelo cumprimento da Lei e coibindo aqueles que atuam de forma irregular.<\/p><p><strong>Atribui\u00e7\u00f5es Institucionais do Core-CE<\/strong><\/p><p>Al\u00e9m de zelar pelo cumprimento da Lei n\u00ba 4.886\/65, e esclarecer aos representantes comerciais e \u00e0s empresas representadas sobre os direitos e deveres dos representantes comerciais, s\u00e3o atribui\u00e7\u00f5es do Core-CE:<\/p><p>\u2013 Promover o registro profissional;<\/p><p>\u2013 Fiscalizar o exerc\u00edcio da profiss\u00e3o de Representante Comercial;<\/p><p>\u2013 Decidir sobre os pedidos de registro de representantes comerciais, pessoas f\u00edsicas ou jur\u00eddicas;<\/p><p>\u2013 Manter o cadastro profissional;<\/p><p>\u2013 Expedir as carteiras profissionais;<\/p><p>\u2013 Julgar infra\u00e7\u00f5es e impor penalidades, conforme a legisla\u00e7\u00e3o que regulamenta a categoria.<\/p>\t\t\t\t\t\t<\/div>\n\t\t\t\t<\/div>\n\t\t\t\t\t<\/div>\n\t\t\t\t<\/div>\n\t\t\t\t<\/div>\n\t\t","protected":false},"excerpt":{"rendered":"<p>Sobre o Core-CE O Conselho Regional dos Representantes Comerciais no Estado do Cear\u00e1, conhecido pela sigla Core-CE foi fundado na cidade de Fortaleza, em 08 de fevereiro de 1966, a partir da Lei 4.886 de 09 de dezembro de 1965. O Core-CE \u00e9 definido como uma Autarquia Federal dotada de direito p\u00fablico, com autonomia t\u00e9cnica, [&hellip;]<\/p>\n","protected":false},"author":1,"featured_media":0,"parent":0,"menu_order":0,"comment_status":"closed","ping_status":"closed","template":"","meta":{"footnotes":""},"class_list":["post-55","page","type-page","status-publish","hentry"],"_links":{"self":[{"href":"https:\/\/corece.org.br\/site\/wp-json\/wp\/v2\/pages\/55","targetHints":{"allow":["GET"]}}],"collection":[{"href":"https:\/\/corece.org.br\/site\/wp-json\/wp\/v2\/pages"}],"about":[{"href":"https:\/\/corece.org.br\/site\/wp-json\/wp\/v2\/types\/page"}],"author":[{"embeddable":true,"href":"https:\/\/corece.org.br\/site\/wp-json\/wp\/v2\/users\/1"}],"replies":[{"embeddable":true,"href":"https:\/\/corece.org.br\/site\/wp-json\/wp\/v2\/comments?post=55"}],"version-history":[{"count":25,"href":"https:\/\/corece.org.br\/site\/wp-json\/wp\/v2\/pages\/55\/revisions"}],"predecessor-version":[{"id":1924,"href":"https:\/\/corece.org.br\/site\/wp-json\/wp\/v2\/pages\/55\/revisions\/1924"}],"wp:attachment":[{"href":"https:\/\/corece.org.br\/site\/wp-json\/wp\/v2\/media?parent=55"}],"curies":[{"name":"wp","href":"https:\/\/api.w.org\/{rel}","templated":true}]}}