{"id":58,"date":"2024-02-19T20:18:25","date_gmt":"2024-02-19T20:18:25","guid":{"rendered":"https:\/\/corece.org.br\/site\/?page_id=58"},"modified":"2024-04-01T16:14:12","modified_gmt":"2024-04-01T19:14:12","slug":"leis-federais","status":"publish","type":"page","link":"https:\/\/corece.org.br\/site\/leis-federais\/","title":{"rendered":"Leis Federais"},"content":{"rendered":"\t\t<div data-elementor-type=\"wp-page\" data-elementor-id=\"58\" class=\"elementor elementor-58\" data-elementor-post-type=\"page\">\n\t\t\t\t<div class=\"elementor-element elementor-element-3e2bcbd e-flex e-con-boxed e-con e-parent\" data-id=\"3e2bcbd\" data-element_type=\"container\" data-settings=\"{&quot;jet_parallax_layout_list&quot;:[]}\">\n\t\t\t\t\t<div class=\"e-con-inner\">\n\t\t\t\t<div class=\"elementor-element elementor-element-ca1cf06 elementor-widget elementor-widget-text-editor\" data-id=\"ca1cf06\" data-element_type=\"widget\" data-widget_type=\"text-editor.default\">\n\t\t\t\t<div class=\"elementor-widget-container\">\n\t\t\t<style>\/*! elementor - v3.21.0 - 08-05-2024 *\/\n.elementor-widget-text-editor.elementor-drop-cap-view-stacked .elementor-drop-cap{background-color:#69727d;color:#fff}.elementor-widget-text-editor.elementor-drop-cap-view-framed .elementor-drop-cap{color:#69727d;border:3px solid;background-color:transparent}.elementor-widget-text-editor:not(.elementor-drop-cap-view-default) .elementor-drop-cap{margin-top:8px}.elementor-widget-text-editor:not(.elementor-drop-cap-view-default) .elementor-drop-cap-letter{width:1em;height:1em}.elementor-widget-text-editor .elementor-drop-cap{float:left;text-align:center;line-height:1;font-size:50px}.elementor-widget-text-editor .elementor-drop-cap-letter{display:inline-block}<\/style>\t\t\t\t<nav aria-label=\"breadcrumbs\" class=\"rank-math-breadcrumb\"><p><span class=\"last\">Home<\/span><\/p><\/nav>\t\t\t\t\t\t<\/div>\n\t\t\t\t<\/div>\n\t\t\t\t<div class=\"elementor-element elementor-element-a05be67 elementor-widget elementor-widget-heading\" data-id=\"a05be67\" data-element_type=\"widget\" data-widget_type=\"heading.default\">\n\t\t\t\t<div class=\"elementor-widget-container\">\n\t\t\t<style>\/*! elementor - v3.21.0 - 08-05-2024 *\/\n.elementor-heading-title{padding:0;margin:0;line-height:1}.elementor-widget-heading .elementor-heading-title[class*=elementor-size-]>a{color:inherit;font-size:inherit;line-height:inherit}.elementor-widget-heading .elementor-heading-title.elementor-size-small{font-size:15px}.elementor-widget-heading .elementor-heading-title.elementor-size-medium{font-size:19px}.elementor-widget-heading .elementor-heading-title.elementor-size-large{font-size:29px}.elementor-widget-heading .elementor-heading-title.elementor-size-xl{font-size:39px}.elementor-widget-heading .elementor-heading-title.elementor-size-xxl{font-size:59px}<\/style><h2 class=\"elementor-heading-title elementor-size-default\">LEGISLA\u00c7\u00c3O\n<\/h2>\t\t<\/div>\n\t\t\t\t<\/div>\n\t\t\t\t<div class=\"elementor-element elementor-element-627fd60 elementor-widget elementor-widget-heading\" data-id=\"627fd60\" data-element_type=\"widget\" data-widget_type=\"heading.default\">\n\t\t\t\t<div class=\"elementor-widget-container\">\n\t\t\t<h2 class=\"elementor-heading-title elementor-size-default\">Leis Federais:\n<\/h2>\t\t<\/div>\n\t\t\t\t<\/div>\n\t\t<div class=\"elementor-element elementor-element-ac6eb52 e-con-full e-flex e-con e-child\" data-id=\"ac6eb52\" data-element_type=\"container\" data-settings=\"{&quot;jet_parallax_layout_list&quot;:[]}\">\n\t\t\t\t<div class=\"elementor-element elementor-element-c6453c4 elementor-widget elementor-widget-heading\" data-id=\"c6453c4\" data-element_type=\"widget\" data-widget_type=\"heading.default\">\n\t\t\t\t<div class=\"elementor-widget-container\">\n\t\t\t<h2 class=\"elementor-heading-title elementor-size-default\">LEI N\u00b0 4.886<\/h2>\t\t<\/div>\n\t\t\t\t<\/div>\n\t\t\t\t<div class=\"elementor-element elementor-element-6b6332e elementor-widget elementor-widget-text-editor\" data-id=\"6b6332e\" data-element_type=\"widget\" data-widget_type=\"text-editor.default\">\n\t\t\t\t<div class=\"elementor-widget-container\">\n\t\t\t\t\t\t\t<p>De 09 de dezembro de 1965<br \/><span style=\"text-decoration: underline; color: #000000;\"><strong><a style=\"color: #000000; text-decoration: underline;\" href=\"http:\/\/www.planalto.gov.br\/ccivil_03\/Leis\/l4886.htm\" target=\"_blank\" rel=\"noopener\">Regula as atividades dos representantes comerciais aut\u00f4nomos.<\/a><\/strong><\/span><\/p>\t\t\t\t\t\t<\/div>\n\t\t\t\t<\/div>\n\t\t\t\t<\/div>\n\t\t<div class=\"elementor-element elementor-element-df11484 e-con-full e-flex e-con e-child\" data-id=\"df11484\" data-element_type=\"container\" data-settings=\"{&quot;jet_parallax_layout_list&quot;:[]}\">\n\t\t\t\t<div class=\"elementor-element elementor-element-e3da7ae elementor-widget elementor-widget-heading\" data-id=\"e3da7ae\" data-element_type=\"widget\" data-widget_type=\"heading.default\">\n\t\t\t\t<div class=\"elementor-widget-container\">\n\t\t\t<h2 class=\"elementor-heading-title elementor-size-default\">LEI N\u00b0 6.839<\/h2>\t\t<\/div>\n\t\t\t\t<\/div>\n\t\t\t\t<div class=\"elementor-element elementor-element-c5dac1f elementor-widget elementor-widget-text-editor\" data-id=\"c5dac1f\" data-element_type=\"widget\" data-widget_type=\"text-editor.default\">\n\t\t\t\t<div class=\"elementor-widget-container\">\n\t\t\t\t\t\t\t<p>De 30 de outubro de 1980<br \/><span style=\"text-decoration: underline; color: #00ccff;\"><strong><a style=\"color: #00ccff; text-decoration: underline;\" href=\"http:\/\/www.planalto.gov.br\/ccivil_03\/leis\/L6839.htm\" target=\"_blank\" rel=\"noopener\"><span style=\"color: #000000; text-decoration: underline;\">Disp\u00f5e sobre o registro de empresas nas entidades fiscalizadoras do exerc\u00edcio de profiss\u00f5es.<\/span><\/a><\/strong><\/span><\/p>\t\t\t\t\t\t<\/div>\n\t\t\t\t<\/div>\n\t\t\t\t<\/div>\n\t\t<div class=\"elementor-element elementor-element-99c5563 e-con-full e-flex e-con e-child\" data-id=\"99c5563\" data-element_type=\"container\" data-settings=\"{&quot;jet_parallax_layout_list&quot;:[]}\">\n\t\t\t\t<div class=\"elementor-element elementor-element-b7db64f elementor-widget elementor-widget-heading\" data-id=\"b7db64f\" data-element_type=\"widget\" data-widget_type=\"heading.default\">\n\t\t\t\t<div class=\"elementor-widget-container\">\n\t\t\t<h2 class=\"elementor-heading-title elementor-size-default\">LEI N\u00b0 8.420<\/h2>\t\t<\/div>\n\t\t\t\t<\/div>\n\t\t\t\t<div class=\"elementor-element elementor-element-44d262d elementor-widget elementor-widget-text-editor\" data-id=\"44d262d\" data-element_type=\"widget\" data-widget_type=\"text-editor.default\">\n\t\t\t\t<div class=\"elementor-widget-container\">\n\t\t\t\t\t\t\t<p>De 08 de maio de 1992<br \/><span style=\"text-decoration: underline; color: #000000;\"><strong><a style=\"color: #000000; text-decoration: underline;\" href=\"http:\/\/www.planalto.gov.br\/ccivil_03\/leis\/l8420.htm\" target=\"_blank\" rel=\"noopener\">Introduz altera\u00e7\u00f5es na Lei n\u00b0 4.886, de 9 de dezembro de 1965, que regula as atividades dos representantes comerciais aut\u00f4nomos.<\/a><\/strong><\/span><\/p>\t\t\t\t\t\t<\/div>\n\t\t\t\t<\/div>\n\t\t\t\t<\/div>\n\t\t<div class=\"elementor-element elementor-element-b860e54 e-con-full e-flex e-con e-child\" data-id=\"b860e54\" data-element_type=\"container\" data-settings=\"{&quot;jet_parallax_layout_list&quot;:[]}\">\n\t\t\t\t<div class=\"elementor-element elementor-element-fc81a0c elementor-widget elementor-widget-heading\" data-id=\"fc81a0c\" data-element_type=\"widget\" data-widget_type=\"heading.default\">\n\t\t\t\t<div class=\"elementor-widget-container\">\n\t\t\t<h2 class=\"elementor-heading-title elementor-size-default\">LEI N\u00b0 10.406<\/h2>\t\t<\/div>\n\t\t\t\t<\/div>\n\t\t\t\t<div class=\"elementor-element elementor-element-ce9eb11 elementor-widget elementor-widget-text-editor\" data-id=\"ce9eb11\" data-element_type=\"widget\" data-widget_type=\"text-editor.default\">\n\t\t\t\t<div class=\"elementor-widget-container\">\n\t\t\t\t\t\t\t<p>De 10 de janeiro de 2002<br \/><span style=\"text-decoration: underline; color: #000000;\"><strong><a style=\"color: #000000; text-decoration: underline;\" href=\"http:\/\/www.planalto.gov.br\/ccivil_03\/leis\/2002\/l10406.htm\" target=\"_blank\" rel=\"noopener\">Institui o C\u00f3digo Civil.<\/a><\/strong><\/span><\/p>\t\t\t\t\t\t<\/div>\n\t\t\t\t<\/div>\n\t\t\t\t<\/div>\n\t\t<div class=\"elementor-element elementor-element-0535b43 e-con-full e-flex e-con e-child\" data-id=\"0535b43\" data-element_type=\"container\" data-settings=\"{&quot;jet_parallax_layout_list&quot;:[]}\">\n\t\t\t\t<div class=\"elementor-element elementor-element-f4eed38 elementor-widget elementor-widget-heading\" data-id=\"f4eed38\" data-element_type=\"widget\" data-widget_type=\"heading.default\">\n\t\t\t\t<div class=\"elementor-widget-container\">\n\t\t\t<h2 class=\"elementor-heading-title elementor-size-default\">LEI N\u00b0 12.246<\/h2>\t\t<\/div>\n\t\t\t\t<\/div>\n\t\t\t\t<div class=\"elementor-element elementor-element-b1816c8 elementor-widget elementor-widget-text-editor\" data-id=\"b1816c8\" data-element_type=\"widget\" data-widget_type=\"text-editor.default\">\n\t\t\t\t<div class=\"elementor-widget-container\">\n\t\t\t\t\t\t\t<p>27 de maio de\u00a02010.<br \/><span style=\"color: #000000;\"><strong><a style=\"color: #000000;\" href=\"http:\/\/www.planalto.gov.br\/ccivil_03\/_Ato2007-2010\/2010\/Lei\/L12246.htm\" target=\"_blank\" rel=\"noopener\"><span style=\"text-decoration: underline;\">Altera dispositivos da Lei no\u00a04.886, de 9 de dezembro de 1965, que regula as atividades dos representantes comerciais aut\u00f4nomos, para dispor sobre fixa\u00e7\u00e3o do valor das anuidades, taxas e emolumentos devidos pelos profissionais da categoria e pelas pessoas naturais e jur\u00eddicas aos Conselhos Regionais dos Representantes Comerciais em que est\u00e3o registrados.<\/span><\/a><\/strong><\/span><\/p>\t\t\t\t\t\t<\/div>\n\t\t\t\t<\/div>\n\t\t\t\t<\/div>\n\t\t\t\t\t<\/div>\n\t\t\t\t<\/div>\n\t\t\t\t<\/div>\n\t\t","protected":false},"excerpt":{"rendered":"<p>LEGISLA\u00c7\u00c3O Leis Federais: LEI N\u00b0 4.886 De 09 de dezembro de 1965Regula as atividades dos representantes comerciais aut\u00f4nomos. LEI N\u00b0 6.839 De 30 de outubro de 1980Disp\u00f5e sobre o registro de empresas nas entidades fiscalizadoras do exerc\u00edcio de profiss\u00f5es. LEI N\u00b0 8.420 De 08 de maio de 1992Introduz altera\u00e7\u00f5es na Lei n\u00b0 4.886, de 9 [&hellip;]<\/p>\n","protected":false},"author":1,"featured_media":0,"parent":0,"menu_order":0,"comment_status":"closed","ping_status":"closed","template":"","meta":{"footnotes":""},"class_list":["post-58","page","type-page","status-publish","hentry"],"_links":{"self":[{"href":"https:\/\/corece.org.br\/site\/wp-json\/wp\/v2\/pages\/58","targetHints":{"allow":["GET"]}}],"collection":[{"href":"https:\/\/corece.org.br\/site\/wp-json\/wp\/v2\/pages"}],"about":[{"href":"https:\/\/corece.org.br\/site\/wp-json\/wp\/v2\/types\/page"}],"author":[{"embeddable":true,"href":"https:\/\/corece.org.br\/site\/wp-json\/wp\/v2\/users\/1"}],"replies":[{"embeddable":true,"href":"https:\/\/corece.org.br\/site\/wp-json\/wp\/v2\/comments?post=58"}],"version-history":[{"count":25,"href":"https:\/\/corece.org.br\/site\/wp-json\/wp\/v2\/pages\/58\/revisions"}],"predecessor-version":[{"id":1882,"href":"https:\/\/corece.org.br\/site\/wp-json\/wp\/v2\/pages\/58\/revisions\/1882"}],"wp:attachment":[{"href":"https:\/\/corece.org.br\/site\/wp-json\/wp\/v2\/media?parent=58"}],"curies":[{"name":"wp","href":"https:\/\/api.w.org\/{rel}","templated":true}]}}