{"id":837,"date":"2024-02-22T12:58:52","date_gmt":"2024-02-22T12:58:52","guid":{"rendered":"https:\/\/corece.org.br\/site\/?page_id=837"},"modified":"2025-06-02T11:11:12","modified_gmt":"2025-06-02T14:11:12","slug":"vitrine-de-negocios","status":"publish","type":"page","link":"https:\/\/corece.org.br\/site\/vitrine-de-negocios\/","title":{"rendered":"VITRINE DE NEG\u00d3CIOS"},"content":{"rendered":"\t\t<div data-elementor-type=\"wp-page\" data-elementor-id=\"837\" class=\"elementor elementor-837\" data-elementor-post-type=\"page\">\n\t\t\t\t<div class=\"elementor-element elementor-element-30996fb e-flex e-con-boxed e-con e-parent\" data-id=\"30996fb\" data-element_type=\"container\" data-settings=\"{&quot;jet_parallax_layout_list&quot;:[]}\">\n\t\t\t\t\t<div class=\"e-con-inner\">\n\t\t\t\t<div class=\"elementor-element elementor-element-99593ae elementor-widget elementor-widget-heading\" data-id=\"99593ae\" data-element_type=\"widget\" data-widget_type=\"heading.default\">\n\t\t\t\t<div class=\"elementor-widget-container\">\n\t\t\t<style>\/*! elementor - v3.21.0 - 08-05-2024 *\/\n.elementor-heading-title{padding:0;margin:0;line-height:1}.elementor-widget-heading .elementor-heading-title[class*=elementor-size-]>a{color:inherit;font-size:inherit;line-height:inherit}.elementor-widget-heading .elementor-heading-title.elementor-size-small{font-size:15px}.elementor-widget-heading .elementor-heading-title.elementor-size-medium{font-size:19px}.elementor-widget-heading .elementor-heading-title.elementor-size-large{font-size:29px}.elementor-widget-heading .elementor-heading-title.elementor-size-xl{font-size:39px}.elementor-widget-heading .elementor-heading-title.elementor-size-xxl{font-size:59px}<\/style><h2 class=\"elementor-heading-title elementor-size-default\"><span style=\"color: inherit; font-family: inherit; font-size: 2rem; font-weight: 500;\">Vitrine de Neg\u00f3cios: Conectando Empresas e Representantes Comerciais<\/span><\/h2>\t\t<\/div>\n\t\t\t\t<\/div>\n\t\t\t\t<div class=\"elementor-element elementor-element-819db30 elementor-widget elementor-widget-text-editor\" data-id=\"819db30\" data-element_type=\"widget\" data-widget_type=\"text-editor.default\">\n\t\t\t\t<div class=\"elementor-widget-container\">\n\t\t\t<style>\/*! elementor - v3.21.0 - 08-05-2024 *\/\n.elementor-widget-text-editor.elementor-drop-cap-view-stacked .elementor-drop-cap{background-color:#69727d;color:#fff}.elementor-widget-text-editor.elementor-drop-cap-view-framed .elementor-drop-cap{color:#69727d;border:3px solid;background-color:transparent}.elementor-widget-text-editor:not(.elementor-drop-cap-view-default) .elementor-drop-cap{margin-top:8px}.elementor-widget-text-editor:not(.elementor-drop-cap-view-default) .elementor-drop-cap-letter{width:1em;height:1em}.elementor-widget-text-editor .elementor-drop-cap{float:left;text-align:center;line-height:1;font-size:50px}.elementor-widget-text-editor .elementor-drop-cap-letter{display:inline-block}<\/style>\t\t\t\t<p>A <strong>Vitrine de Neg\u00f3cios<\/strong> funciona como um ponto estrat\u00e9gico no nosso site, criada especificamente para otimizar a conex\u00e3o entre Empresas e Representantes Comerciais. \u00c9 um ambiente onde a oferta e a demanda se encontram de forma eficiente, onde os Representantes Comerciais possam entrar em contato com quem promove a vaga.<\/p><p>Para as <strong>Empresas<\/strong>, este espa\u00e7o \u00e9 ideal para divulgar suas vagas de representa\u00e7\u00e3o comercial. Ao anunciar aqui, as empresas podem apresentar detalhes sobre os produtos ou servi\u00e7os que buscam representantes, as regi\u00f5es de atua\u00e7\u00e3o desejadas, os requisitos espec\u00edficos e as condi\u00e7\u00f5es de parceria. Isso permite que suas propostas alcancem um p\u00fablico qualificado de profissionais em busca de novas carteiras e desafios.<\/p><p>J\u00e1 para os <strong>Representantes Comerciais<\/strong>, a Vitrine de Neg\u00f3cios se torna um portal de oportunidades. Eles podem navegar por uma variedade de an\u00fancios, identificando propostas que se alinham com seu perfil, experi\u00eancia e \u00e1rea de interesse. O objetivo principal \u00e9 facilitar o contato direto e \u00e1gil entre o representante interessado e a empresa que promove a vaga, agilizando o processo de negocia\u00e7\u00e3o e o in\u00edcio de novas parcerias comerciais.<\/p>\t\t\t\t\t\t<\/div>\n\t\t\t\t<\/div>\n\t\t<div class=\"elementor-element elementor-element-5e6e853 e-con-full e-flex e-con e-child\" data-id=\"5e6e853\" data-element_type=\"container\" data-settings=\"{&quot;jet_parallax_layout_list&quot;:[]}\">\n\t\t\t\t<div class=\"elementor-element elementor-element-86c1370 elementor-align-justify elementor-widget__width-inherit elementor-widget elementor-widget-button\" data-id=\"86c1370\" data-element_type=\"widget\" data-widget_type=\"button.default\">\n\t\t\t\t<div class=\"elementor-widget-container\">\n\t\t\t\t\t<div class=\"elementor-button-wrapper\">\n\t\t\t<a class=\"elementor-button elementor-button-link elementor-size-sm\" href=\"https:\/\/consultarep.confere.org.br\/\" target=\"_blank\" rel=\"noopener\">\n\t\t\t\t\t\t<span class=\"elementor-button-content-wrapper\">\n\t\t\t\t\t\t\t\t\t<span class=\"elementor-button-text\">ENCONTRE UM REPRESENTANTE <\/span>\n\t\t\t\t\t<\/span>\n\t\t\t\t\t<\/a>\n\t\t<\/div>\n\t\t\t\t<\/div>\n\t\t\t\t<\/div>\n\t\t\t\t<div class=\"elementor-element elementor-element-c7dfa23 elementor-align-justify elementor-widget__width-inherit elementor-widget elementor-widget-button\" data-id=\"c7dfa23\" data-element_type=\"widget\" data-widget_type=\"button.default\">\n\t\t\t\t<div class=\"elementor-widget-container\">\n\t\t\t\t\t<div class=\"elementor-button-wrapper\">\n\t\t\t<a class=\"elementor-button elementor-button-link elementor-size-sm\" href=\"https:\/\/corece.org.br\/site\/oportunidades-corece\/\">\n\t\t\t\t\t\t<span class=\"elementor-button-content-wrapper\">\n\t\t\t\t\t\t\t\t\t<span class=\"elementor-button-text\">REPRESENTANTE  COMERCIAL ENCONTRE BONS NEG\u00d3CIOS <\/span>\n\t\t\t\t\t<\/span>\n\t\t\t\t\t<\/a>\n\t\t<\/div>\n\t\t\t\t<\/div>\n\t\t\t\t<\/div>\n\t\t\t\t<div class=\"elementor-element elementor-element-1c4cceb elementor-align-justify elementor-widget__width-inherit elementor-widget elementor-widget-button\" data-id=\"1c4cceb\" data-element_type=\"widget\" data-widget_type=\"button.default\">\n\t\t\t\t<div class=\"elementor-widget-container\">\n\t\t\t\t\t<div class=\"elementor-button-wrapper\">\n\t\t\t<a class=\"elementor-button elementor-button-link elementor-size-sm\" href=\"https:\/\/corece.org.br\/site\/divulgue-sua-vaga\/\">\n\t\t\t\t\t\t<span class=\"elementor-button-content-wrapper\">\n\t\t\t\t\t\t\t\t\t<span class=\"elementor-button-text\">EMPRESAS: DIVULGUE O SEU AN\u00daNCIO <\/span>\n\t\t\t\t\t<\/span>\n\t\t\t\t\t<\/a>\n\t\t<\/div>\n\t\t\t\t<\/div>\n\t\t\t\t<\/div>\n\t\t\t\t<\/div>\n\t\t\t\t<div class=\"elementor-element elementor-element-3c5681f elementor-widget elementor-widget-text-editor\" data-id=\"3c5681f\" data-element_type=\"widget\" data-widget_type=\"text-editor.default\">\n\t\t\t\t<div class=\"elementor-widget-container\">\n\t\t\t\t\t\t\t<nav aria-label=\"breadcrumbs\" class=\"rank-math-breadcrumb\"><p><span class=\"last\">Home<\/span><\/p><\/nav>\t\t\t\t\t\t<\/div>\n\t\t\t\t<\/div>\n\t\t\t\t\t<\/div>\n\t\t\t\t<\/div>\n\t\t\t\t<\/div>\n\t\t","protected":false},"excerpt":{"rendered":"<p>Vitrine de Neg\u00f3cios: Conectando Empresas e Representantes Comerciais A Vitrine de Neg\u00f3cios funciona como um ponto estrat\u00e9gico no nosso site, criada especificamente para otimizar a conex\u00e3o entre Empresas e Representantes Comerciais. \u00c9 um ambiente onde a oferta e a demanda se encontram de forma eficiente, onde os Representantes Comerciais possam entrar em contato com quem [&hellip;]<\/p>\n","protected":false},"author":1,"featured_media":0,"parent":0,"menu_order":0,"comment_status":"closed","ping_status":"closed","template":"","meta":{"footnotes":""},"class_list":["post-837","page","type-page","status-publish","hentry"],"_links":{"self":[{"href":"https:\/\/corece.org.br\/site\/wp-json\/wp\/v2\/pages\/837","targetHints":{"allow":["GET"]}}],"collection":[{"href":"https:\/\/corece.org.br\/site\/wp-json\/wp\/v2\/pages"}],"about":[{"href":"https:\/\/corece.org.br\/site\/wp-json\/wp\/v2\/types\/page"}],"author":[{"embeddable":true,"href":"https:\/\/corece.org.br\/site\/wp-json\/wp\/v2\/users\/1"}],"replies":[{"embeddable":true,"href":"https:\/\/corece.org.br\/site\/wp-json\/wp\/v2\/comments?post=837"}],"version-history":[{"count":34,"href":"https:\/\/corece.org.br\/site\/wp-json\/wp\/v2\/pages\/837\/revisions"}],"predecessor-version":[{"id":33480,"href":"https:\/\/corece.org.br\/site\/wp-json\/wp\/v2\/pages\/837\/revisions\/33480"}],"wp:attachment":[{"href":"https:\/\/corece.org.br\/site\/wp-json\/wp\/v2\/media?parent=837"}],"curies":[{"name":"wp","href":"https:\/\/api.w.org\/{rel}","templated":true}]}}